{"id":11188,"date":"2024-03-30T17:08:25","date_gmt":"2024-03-30T16:08:25","guid":{"rendered":"https:\/\/www.apros.it\/?post_type=product&#038;p=11188"},"modified":"2025-07-21T13:33:45","modified_gmt":"2025-07-21T11:33:45","slug":"wall-g-zero","status":"publish","type":"product","link":"https:\/\/www.apros.it\/fr\/produits\/raccords-pour-paroi-et-toitures-en-bois\/wall-g-zero\/","title":{"rendered":"Wall G Zero"},"content":{"rendered":"<p><strong>T450-N1-W-V2-L50050-G00<\/strong><\/p>\n","protected":false},"excerpt":{"rendered":"<p><strong>Raccord universel pour parois en mat\u00e9riaux inflammables,<\/strong> certifi\u00e9 G0 conform\u00e9ment \u00e0 la norme EN 1856-1, produit en acier inox AISI 316 et mat\u00e9riaux isolants \u00e0 hautes performances.<strong> Le passage mural est compl\u00e9t\u00e9 par deux rosaces.<\/strong><\/p>\n<p><strong>La gamme est disponible avec un diam\u00e8tre de 80 \u00e0 200 mm. La longueur est faite sur mesure en fonction de l\u2019\u00e9paisseur de la paroi \u00e0 traverser.<\/strong><\/p>\n<p>Disponible avec finition standard (acier pour l\u2019ext\u00e9rieur et noir pour l\u2019int\u00e9rieur). \u00c9ventuelles finitions personnalis\u00e9es sur demande.<\/p>\n","protected":false},"featured_media":11191,"template":"","meta":{"_acf_changed":false},"product_cat":[151],"product_tag":[],"class_list":["post-11188","product","type-product","status-publish","has-post-thumbnail","hentry","product_cat-raccords-pour-paroi-et-toitures-en-bois"],"acf":[],"yoast_head":"<!-- This site is optimized with the Yoast SEO plugin v27.3 - https:\/\/yoast.com\/product\/yoast-seo-wordpress\/ -->\n<title>Wall G Zero - Apros : conduits de chemin\u00e9e, accessoires de conduits de chemin\u00e9e, tuyaux peints pour po\u00eales \u00e0 bois et \u00e0 granul\u00e9s<\/title>\n<meta name=\"robots\" content=\"index, follow, max-snippet:-1, max-image-preview:large, max-video-preview:-1\" \/>\n<link rel=\"canonical\" href=\"https:\/\/www.apros.it\/fr\/produits\/raccords-pour-paroi-et-toitures-en-bois\/wall-g-zero\/\" \/>\n<meta property=\"og:locale\" content=\"fr_FR\" \/>\n<meta property=\"og:type\" content=\"article\" \/>\n<meta property=\"og:title\" content=\"Wall G Zero - Apros : conduits de chemin\u00e9e, accessoires de conduits de chemin\u00e9e, tuyaux peints pour po\u00eales \u00e0 bois et \u00e0 granul\u00e9s\" \/>\n<meta property=\"og:description\" content=\"Raccord universel pour parois en mat\u00e9riaux inflammables, certifi\u00e9 G0 conform\u00e9ment \u00e0 la norme EN 1856-1, produit en acier inox AISI 316 et mat\u00e9riaux isolants \u00e0 hautes performances. Le passage mural est compl\u00e9t\u00e9 par deux rosaces.  La gamme est disponible avec un diam\u00e8tre de 80 \u00e0 200 mm. La longueur est faite sur mesure en fonction de l\u2019\u00e9paisseur de la paroi \u00e0 traverser.  Disponible avec finition standard (acier pour l\u2019ext\u00e9rieur et noir pour l\u2019int\u00e9rieur). \u00c9ventuelles finitions personnalis\u00e9es sur demande.\" \/>\n<meta property=\"og:url\" content=\"https:\/\/www.apros.it\/fr\/produits\/raccords-pour-paroi-et-toitures-en-bois\/wall-g-zero\/\" \/>\n<meta property=\"og:site_name\" content=\"Apros : conduits de chemin\u00e9e, accessoires de conduits de chemin\u00e9e, tuyaux peints pour po\u00eales \u00e0 bois et \u00e0 granul\u00e9s\" \/>\n<meta property=\"article:modified_time\" content=\"2025-07-21T11:33:45+00:00\" \/>\n<meta property=\"og:image\" content=\"https:\/\/www.apros.it\/wp-content\/uploads\/2024\/03\/WallGZero.jpg\" \/>\n\t<meta property=\"og:image:width\" content=\"800\" \/>\n\t<meta property=\"og:image:height\" content=\"876\" \/>\n\t<meta property=\"og:image:type\" content=\"image\/jpeg\" \/>\n<meta name=\"twitter:card\" content=\"summary_large_image\" \/>\n<script type=\"application\/ld+json\" class=\"yoast-schema-graph\">{\"@context\":\"https:\\\/\\\/schema.org\",\"@graph\":[{\"@type\":\"WebPage\",\"@id\":\"https:\\\/\\\/www.apros.it\\\/fr\\\/produits\\\/raccords-pour-paroi-et-toitures-en-bois\\\/wall-g-zero\\\/\",\"url\":\"https:\\\/\\\/www.apros.it\\\/fr\\\/produits\\\/raccords-pour-paroi-et-toitures-en-bois\\\/wall-g-zero\\\/\",\"name\":\"Wall G Zero - Apros : conduits de chemin\u00e9e, accessoires de conduits de chemin\u00e9e, tuyaux peints pour po\u00eales \u00e0 bois et \u00e0 granul\u00e9s\",\"isPartOf\":{\"@id\":\"https:\\\/\\\/www.apros.it\\\/fr\\\/#website\"},\"primaryImageOfPage\":{\"@id\":\"https:\\\/\\\/www.apros.it\\\/fr\\\/produits\\\/raccords-pour-paroi-et-toitures-en-bois\\\/wall-g-zero\\\/#primaryimage\"},\"image\":{\"@id\":\"https:\\\/\\\/www.apros.it\\\/fr\\\/produits\\\/raccords-pour-paroi-et-toitures-en-bois\\\/wall-g-zero\\\/#primaryimage\"},\"thumbnailUrl\":\"https:\\\/\\\/www.apros.it\\\/wp-content\\\/uploads\\\/2024\\\/03\\\/WallGZero.jpg\",\"datePublished\":\"2024-03-30T16:08:25+00:00\",\"dateModified\":\"2025-07-21T11:33:45+00:00\",\"breadcrumb\":{\"@id\":\"https:\\\/\\\/www.apros.it\\\/fr\\\/produits\\\/raccords-pour-paroi-et-toitures-en-bois\\\/wall-g-zero\\\/#breadcrumb\"},\"inLanguage\":\"fr-FR\",\"potentialAction\":[{\"@type\":\"ReadAction\",\"target\":[\"https:\\\/\\\/www.apros.it\\\/fr\\\/produits\\\/raccords-pour-paroi-et-toitures-en-bois\\\/wall-g-zero\\\/\"]}]},{\"@type\":\"ImageObject\",\"inLanguage\":\"fr-FR\",\"@id\":\"https:\\\/\\\/www.apros.it\\\/fr\\\/produits\\\/raccords-pour-paroi-et-toitures-en-bois\\\/wall-g-zero\\\/#primaryimage\",\"url\":\"https:\\\/\\\/www.apros.it\\\/wp-content\\\/uploads\\\/2024\\\/03\\\/WallGZero.jpg\",\"contentUrl\":\"https:\\\/\\\/www.apros.it\\\/wp-content\\\/uploads\\\/2024\\\/03\\\/WallGZero.jpg\",\"width\":800,\"height\":876},{\"@type\":\"BreadcrumbList\",\"@id\":\"https:\\\/\\\/www.apros.it\\\/fr\\\/produits\\\/raccords-pour-paroi-et-toitures-en-bois\\\/wall-g-zero\\\/#breadcrumb\",\"itemListElement\":[{\"@type\":\"ListItem\",\"position\":1,\"name\":\"Home\",\"item\":\"https:\\\/\\\/www.apros.it\\\/fr\\\/\"},{\"@type\":\"ListItem\",\"position\":2,\"name\":\"Produits\",\"item\":\"https:\\\/\\\/www.apros.it\\\/prodotti\\\/\"},{\"@type\":\"ListItem\",\"position\":3,\"name\":\"Wall G Zero\"}]},{\"@type\":\"WebSite\",\"@id\":\"https:\\\/\\\/www.apros.it\\\/fr\\\/#website\",\"url\":\"https:\\\/\\\/www.apros.it\\\/fr\\\/\",\"name\":\"Apros : conduits de chemin\u00e9e, accessoires de conduits de chemin\u00e9e, tuyaux peints pour po\u00eales \u00e0 bois et \u00e0 granul\u00e9s\",\"description\":\"\",\"potentialAction\":[{\"@type\":\"SearchAction\",\"target\":{\"@type\":\"EntryPoint\",\"urlTemplate\":\"https:\\\/\\\/www.apros.it\\\/fr\\\/?s={search_term_string}\"},\"query-input\":{\"@type\":\"PropertyValueSpecification\",\"valueRequired\":true,\"valueName\":\"search_term_string\"}}],\"inLanguage\":\"fr-FR\"}]}<\/script>\n<!-- \/ Yoast SEO plugin. -->","yoast_head_json":{"title":"Wall G Zero - Apros : conduits de chemin\u00e9e, accessoires de conduits de chemin\u00e9e, tuyaux peints pour po\u00eales \u00e0 bois et \u00e0 granul\u00e9s","robots":{"index":"index","follow":"follow","max-snippet":"max-snippet:-1","max-image-preview":"max-image-preview:large","max-video-preview":"max-video-preview:-1"},"canonical":"https:\/\/www.apros.it\/fr\/produits\/raccords-pour-paroi-et-toitures-en-bois\/wall-g-zero\/","og_locale":"fr_FR","og_type":"article","og_title":"Wall G Zero - Apros : conduits de chemin\u00e9e, accessoires de conduits de chemin\u00e9e, tuyaux peints pour po\u00eales \u00e0 bois et \u00e0 granul\u00e9s","og_description":"Raccord universel pour parois en mat\u00e9riaux inflammables, certifi\u00e9 G0 conform\u00e9ment \u00e0 la norme EN 1856-1, produit en acier inox AISI 316 et mat\u00e9riaux isolants \u00e0 hautes performances. Le passage mural est compl\u00e9t\u00e9 par deux rosaces.  La gamme est disponible avec un diam\u00e8tre de 80 \u00e0 200 mm. La longueur est faite sur mesure en fonction de l\u2019\u00e9paisseur de la paroi \u00e0 traverser.  Disponible avec finition standard (acier pour l\u2019ext\u00e9rieur et noir pour l\u2019int\u00e9rieur). \u00c9ventuelles finitions personnalis\u00e9es sur demande.","og_url":"https:\/\/www.apros.it\/fr\/produits\/raccords-pour-paroi-et-toitures-en-bois\/wall-g-zero\/","og_site_name":"Apros : conduits de chemin\u00e9e, accessoires de conduits de chemin\u00e9e, tuyaux peints pour po\u00eales \u00e0 bois et \u00e0 granul\u00e9s","article_modified_time":"2025-07-21T11:33:45+00:00","og_image":[{"width":800,"height":876,"url":"https:\/\/www.apros.it\/wp-content\/uploads\/2024\/03\/WallGZero.jpg","type":"image\/jpeg"}],"twitter_card":"summary_large_image","schema":{"@context":"https:\/\/schema.org","@graph":[{"@type":"WebPage","@id":"https:\/\/www.apros.it\/fr\/produits\/raccords-pour-paroi-et-toitures-en-bois\/wall-g-zero\/","url":"https:\/\/www.apros.it\/fr\/produits\/raccords-pour-paroi-et-toitures-en-bois\/wall-g-zero\/","name":"Wall G Zero - Apros : conduits de chemin\u00e9e, accessoires de conduits de chemin\u00e9e, tuyaux peints pour po\u00eales \u00e0 bois et \u00e0 granul\u00e9s","isPartOf":{"@id":"https:\/\/www.apros.it\/fr\/#website"},"primaryImageOfPage":{"@id":"https:\/\/www.apros.it\/fr\/produits\/raccords-pour-paroi-et-toitures-en-bois\/wall-g-zero\/#primaryimage"},"image":{"@id":"https:\/\/www.apros.it\/fr\/produits\/raccords-pour-paroi-et-toitures-en-bois\/wall-g-zero\/#primaryimage"},"thumbnailUrl":"https:\/\/www.apros.it\/wp-content\/uploads\/2024\/03\/WallGZero.jpg","datePublished":"2024-03-30T16:08:25+00:00","dateModified":"2025-07-21T11:33:45+00:00","breadcrumb":{"@id":"https:\/\/www.apros.it\/fr\/produits\/raccords-pour-paroi-et-toitures-en-bois\/wall-g-zero\/#breadcrumb"},"inLanguage":"fr-FR","potentialAction":[{"@type":"ReadAction","target":["https:\/\/www.apros.it\/fr\/produits\/raccords-pour-paroi-et-toitures-en-bois\/wall-g-zero\/"]}]},{"@type":"ImageObject","inLanguage":"fr-FR","@id":"https:\/\/www.apros.it\/fr\/produits\/raccords-pour-paroi-et-toitures-en-bois\/wall-g-zero\/#primaryimage","url":"https:\/\/www.apros.it\/wp-content\/uploads\/2024\/03\/WallGZero.jpg","contentUrl":"https:\/\/www.apros.it\/wp-content\/uploads\/2024\/03\/WallGZero.jpg","width":800,"height":876},{"@type":"BreadcrumbList","@id":"https:\/\/www.apros.it\/fr\/produits\/raccords-pour-paroi-et-toitures-en-bois\/wall-g-zero\/#breadcrumb","itemListElement":[{"@type":"ListItem","position":1,"name":"Home","item":"https:\/\/www.apros.it\/fr\/"},{"@type":"ListItem","position":2,"name":"Produits","item":"https:\/\/www.apros.it\/prodotti\/"},{"@type":"ListItem","position":3,"name":"Wall G Zero"}]},{"@type":"WebSite","@id":"https:\/\/www.apros.it\/fr\/#website","url":"https:\/\/www.apros.it\/fr\/","name":"Apros : conduits de chemin\u00e9e, accessoires de conduits de chemin\u00e9e, tuyaux peints pour po\u00eales \u00e0 bois et \u00e0 granul\u00e9s","description":"","potentialAction":[{"@type":"SearchAction","target":{"@type":"EntryPoint","urlTemplate":"https:\/\/www.apros.it\/fr\/?s={search_term_string}"},"query-input":{"@type":"PropertyValueSpecification","valueRequired":true,"valueName":"search_term_string"}}],"inLanguage":"fr-FR"}]}},"_links":{"self":[{"href":"https:\/\/www.apros.it\/fr\/wp-json\/wp\/v2\/product\/11188","targetHints":{"allow":["GET"]}}],"collection":[{"href":"https:\/\/www.apros.it\/fr\/wp-json\/wp\/v2\/product"}],"about":[{"href":"https:\/\/www.apros.it\/fr\/wp-json\/wp\/v2\/types\/product"}],"wp:featuredmedia":[{"embeddable":true,"href":"https:\/\/www.apros.it\/fr\/wp-json\/wp\/v2\/media\/11191"}],"wp:attachment":[{"href":"https:\/\/www.apros.it\/fr\/wp-json\/wp\/v2\/media?parent=11188"}],"wp:term":[{"taxonomy":"product_cat","embeddable":true,"href":"https:\/\/www.apros.it\/fr\/wp-json\/wp\/v2\/product_cat?post=11188"},{"taxonomy":"product_tag","embeddable":true,"href":"https:\/\/www.apros.it\/fr\/wp-json\/wp\/v2\/product_tag?post=11188"}],"curies":[{"name":"wp","href":"https:\/\/api.w.org\/{rel}","templated":true}]}}