{"id":10182,"date":"2023-07-02T15:57:03","date_gmt":"2023-07-02T13:57:03","guid":{"rendered":"https:\/\/www.apros.it\/prodotti\/non%20class\u00e9\/ligne-consommables-et-presentoirs\/"},"modified":"2025-07-21T13:51:17","modified_gmt":"2025-07-21T11:51:17","slug":"consommables-et-presentoirs","status":"publish","type":"product","link":"https:\/\/www.apros.it\/fr\/produits\/consommables-presentoirs\/consommables-et-presentoirs\/","title":{"rendered":"Consommables et pr\u00e9sentoirs"},"content":{"rendered":"","protected":false},"excerpt":{"rendered":"<p><strong>Une gamme de produits sp\u00e9cifiques \u00e0 l&rsquo;installation:<\/strong><\/p>\n<ul>\n<li>Silicone r\u00e9sistant \u00e0 300\u00b0 en deux coloris: rouge et noir.<\/li>\n<li>\nSilicone r\u00e9sistant au-del\u00e0 de 300\u00b0, sp\u00e9cifique pour tuyauterie OVAL.<\/li>\n<li>Spray pour retouche en quatre coloris : noir, noir brillant, gris et cuivre.<\/li>\n<li>Ruban en fibre de verre TEXTAPE.<\/li>\n<li>Matelas BIOTEX en 3 tailles diff\u00e9rentes.<\/li>\n<li>Ruban adh\u00e9sif en deux versions avec une temp\u00e9rature d&rsquo;utilisation allant de -70\u00b0 \u00e0 + 220\u00b0C.<\/li>\n<\/ul>\n<p>Trois pr\u00e9sentoirs et un roll-up pour mettre en place votre point de vente.<\/p>\n","protected":false},"featured_media":11810,"template":"","meta":{"_acf_changed":false},"product_cat":[153],"product_tag":[],"class_list":["post-10182","product","type-product","status-publish","has-post-thumbnail","hentry","product_cat-consommables-presentoirs"],"acf":[],"yoast_head":"<!-- This site is optimized with the Yoast SEO plugin v26.7 - https:\/\/yoast.com\/wordpress\/plugins\/seo\/ -->\n<title>Consommables et pr\u00e9sentoirs - Apros : conduits de chemin\u00e9e, accessoires de conduits de chemin\u00e9e, tuyaux peints pour po\u00eales \u00e0 bois et \u00e0 granul\u00e9s<\/title>\n<meta name=\"robots\" content=\"index, follow, max-snippet:-1, max-image-preview:large, max-video-preview:-1\" \/>\n<link rel=\"canonical\" href=\"https:\/\/www.apros.it\/fr\/produits\/consommables-presentoirs\/consommables-et-presentoirs\/\" \/>\n<meta property=\"og:locale\" content=\"fr_FR\" \/>\n<meta property=\"og:type\" content=\"article\" \/>\n<meta property=\"og:title\" content=\"Consommables et pr\u00e9sentoirs - Apros : conduits de chemin\u00e9e, accessoires de conduits de chemin\u00e9e, tuyaux peints pour po\u00eales \u00e0 bois et \u00e0 granul\u00e9s\" \/>\n<meta property=\"og:description\" content=\"Une gamme de produits sp\u00e9cifiques \u00e0 l&#039;installation:   Silicone r\u00e9sistant \u00e0 300\u00b0 en deux coloris: rouge et noir.   Silicone r\u00e9sistant au-del\u00e0 de 300\u00b0, sp\u00e9cifique pour tuyauterie OVAL. Spray pour retouche en quatre coloris : noir, noir brillant, gris et cuivre.  Ruban en fibre de verre TEXTAPE.  Matelas BIOTEX en 3 tailles diff\u00e9rentes.  Ruban adh\u00e9sif en deux versions avec une temp\u00e9rature d&#039;utilisation allant de -70\u00b0 \u00e0 + 220\u00b0C.  Trois pr\u00e9sentoirs et un roll-up pour mettre en place votre point de vente.\" \/>\n<meta property=\"og:url\" content=\"https:\/\/www.apros.it\/fr\/produits\/consommables-presentoirs\/consommables-et-presentoirs\/\" \/>\n<meta property=\"og:site_name\" content=\"Apros : conduits de chemin\u00e9e, accessoires de conduits de chemin\u00e9e, tuyaux peints pour po\u00eales \u00e0 bois et \u00e0 granul\u00e9s\" \/>\n<meta property=\"article:modified_time\" content=\"2025-07-21T11:51:17+00:00\" \/>\n<meta property=\"og:image\" content=\"https:\/\/www.apros.it\/wp-content\/uploads\/2023\/07\/Consumabili-ed-Espositori-1-1.jpg\" \/>\n\t<meta property=\"og:image:width\" content=\"800\" \/>\n\t<meta property=\"og:image:height\" content=\"876\" \/>\n\t<meta property=\"og:image:type\" content=\"image\/jpeg\" \/>\n<meta name=\"twitter:card\" content=\"summary_large_image\" \/>\n<script type=\"application\/ld+json\" class=\"yoast-schema-graph\">{\"@context\":\"https:\/\/schema.org\",\"@graph\":[{\"@type\":\"WebPage\",\"@id\":\"https:\/\/www.apros.it\/fr\/produits\/consommables-presentoirs\/consommables-et-presentoirs\/\",\"url\":\"https:\/\/www.apros.it\/fr\/produits\/consommables-presentoirs\/consommables-et-presentoirs\/\",\"name\":\"Consommables et pr\u00e9sentoirs - Apros : conduits de chemin\u00e9e, accessoires de conduits de chemin\u00e9e, tuyaux peints pour po\u00eales \u00e0 bois et \u00e0 granul\u00e9s\",\"isPartOf\":{\"@id\":\"https:\/\/www.apros.it\/fr\/#website\"},\"primaryImageOfPage\":{\"@id\":\"https:\/\/www.apros.it\/fr\/produits\/consommables-presentoirs\/consommables-et-presentoirs\/#primaryimage\"},\"image\":{\"@id\":\"https:\/\/www.apros.it\/fr\/produits\/consommables-presentoirs\/consommables-et-presentoirs\/#primaryimage\"},\"thumbnailUrl\":\"https:\/\/www.apros.it\/wp-content\/uploads\/2023\/07\/Consumabili-ed-Espositori-1-1.jpg\",\"datePublished\":\"2023-07-02T13:57:03+00:00\",\"dateModified\":\"2025-07-21T11:51:17+00:00\",\"breadcrumb\":{\"@id\":\"https:\/\/www.apros.it\/fr\/produits\/consommables-presentoirs\/consommables-et-presentoirs\/#breadcrumb\"},\"inLanguage\":\"fr-FR\",\"potentialAction\":[{\"@type\":\"ReadAction\",\"target\":[\"https:\/\/www.apros.it\/fr\/produits\/consommables-presentoirs\/consommables-et-presentoirs\/\"]}]},{\"@type\":\"ImageObject\",\"inLanguage\":\"fr-FR\",\"@id\":\"https:\/\/www.apros.it\/fr\/produits\/consommables-presentoirs\/consommables-et-presentoirs\/#primaryimage\",\"url\":\"https:\/\/www.apros.it\/wp-content\/uploads\/2023\/07\/Consumabili-ed-Espositori-1-1.jpg\",\"contentUrl\":\"https:\/\/www.apros.it\/wp-content\/uploads\/2023\/07\/Consumabili-ed-Espositori-1-1.jpg\",\"width\":800,\"height\":876},{\"@type\":\"BreadcrumbList\",\"@id\":\"https:\/\/www.apros.it\/fr\/produits\/consommables-presentoirs\/consommables-et-presentoirs\/#breadcrumb\",\"itemListElement\":[{\"@type\":\"ListItem\",\"position\":1,\"name\":\"Home\",\"item\":\"https:\/\/www.apros.it\/fr\/\"},{\"@type\":\"ListItem\",\"position\":2,\"name\":\"Produits\",\"item\":\"https:\/\/www.apros.it\/prodotti\/\"},{\"@type\":\"ListItem\",\"position\":3,\"name\":\"Consommables et pr\u00e9sentoirs\"}]},{\"@type\":\"WebSite\",\"@id\":\"https:\/\/www.apros.it\/fr\/#website\",\"url\":\"https:\/\/www.apros.it\/fr\/\",\"name\":\"Apros : conduits de chemin\u00e9e, accessoires de conduits de chemin\u00e9e, tuyaux peints pour po\u00eales \u00e0 bois et \u00e0 granul\u00e9s\",\"description\":\"\",\"potentialAction\":[{\"@type\":\"SearchAction\",\"target\":{\"@type\":\"EntryPoint\",\"urlTemplate\":\"https:\/\/www.apros.it\/fr\/?s={search_term_string}\"},\"query-input\":{\"@type\":\"PropertyValueSpecification\",\"valueRequired\":true,\"valueName\":\"search_term_string\"}}],\"inLanguage\":\"fr-FR\"}]}<\/script>\n<!-- \/ Yoast SEO plugin. -->","yoast_head_json":{"title":"Consommables et pr\u00e9sentoirs - Apros : conduits de chemin\u00e9e, accessoires de conduits de chemin\u00e9e, tuyaux peints pour po\u00eales \u00e0 bois et \u00e0 granul\u00e9s","robots":{"index":"index","follow":"follow","max-snippet":"max-snippet:-1","max-image-preview":"max-image-preview:large","max-video-preview":"max-video-preview:-1"},"canonical":"https:\/\/www.apros.it\/fr\/produits\/consommables-presentoirs\/consommables-et-presentoirs\/","og_locale":"fr_FR","og_type":"article","og_title":"Consommables et pr\u00e9sentoirs - Apros : conduits de chemin\u00e9e, accessoires de conduits de chemin\u00e9e, tuyaux peints pour po\u00eales \u00e0 bois et \u00e0 granul\u00e9s","og_description":"Une gamme de produits sp\u00e9cifiques \u00e0 l'installation:   Silicone r\u00e9sistant \u00e0 300\u00b0 en deux coloris: rouge et noir.   Silicone r\u00e9sistant au-del\u00e0 de 300\u00b0, sp\u00e9cifique pour tuyauterie OVAL. Spray pour retouche en quatre coloris : noir, noir brillant, gris et cuivre.  Ruban en fibre de verre TEXTAPE.  Matelas BIOTEX en 3 tailles diff\u00e9rentes.  Ruban adh\u00e9sif en deux versions avec une temp\u00e9rature d'utilisation allant de -70\u00b0 \u00e0 + 220\u00b0C.  Trois pr\u00e9sentoirs et un roll-up pour mettre en place votre point de vente.","og_url":"https:\/\/www.apros.it\/fr\/produits\/consommables-presentoirs\/consommables-et-presentoirs\/","og_site_name":"Apros : conduits de chemin\u00e9e, accessoires de conduits de chemin\u00e9e, tuyaux peints pour po\u00eales \u00e0 bois et \u00e0 granul\u00e9s","article_modified_time":"2025-07-21T11:51:17+00:00","og_image":[{"width":800,"height":876,"url":"https:\/\/www.apros.it\/wp-content\/uploads\/2023\/07\/Consumabili-ed-Espositori-1-1.jpg","type":"image\/jpeg"}],"twitter_card":"summary_large_image","schema":{"@context":"https:\/\/schema.org","@graph":[{"@type":"WebPage","@id":"https:\/\/www.apros.it\/fr\/produits\/consommables-presentoirs\/consommables-et-presentoirs\/","url":"https:\/\/www.apros.it\/fr\/produits\/consommables-presentoirs\/consommables-et-presentoirs\/","name":"Consommables et pr\u00e9sentoirs - Apros : conduits de chemin\u00e9e, accessoires de conduits de chemin\u00e9e, tuyaux peints pour po\u00eales \u00e0 bois et \u00e0 granul\u00e9s","isPartOf":{"@id":"https:\/\/www.apros.it\/fr\/#website"},"primaryImageOfPage":{"@id":"https:\/\/www.apros.it\/fr\/produits\/consommables-presentoirs\/consommables-et-presentoirs\/#primaryimage"},"image":{"@id":"https:\/\/www.apros.it\/fr\/produits\/consommables-presentoirs\/consommables-et-presentoirs\/#primaryimage"},"thumbnailUrl":"https:\/\/www.apros.it\/wp-content\/uploads\/2023\/07\/Consumabili-ed-Espositori-1-1.jpg","datePublished":"2023-07-02T13:57:03+00:00","dateModified":"2025-07-21T11:51:17+00:00","breadcrumb":{"@id":"https:\/\/www.apros.it\/fr\/produits\/consommables-presentoirs\/consommables-et-presentoirs\/#breadcrumb"},"inLanguage":"fr-FR","potentialAction":[{"@type":"ReadAction","target":["https:\/\/www.apros.it\/fr\/produits\/consommables-presentoirs\/consommables-et-presentoirs\/"]}]},{"@type":"ImageObject","inLanguage":"fr-FR","@id":"https:\/\/www.apros.it\/fr\/produits\/consommables-presentoirs\/consommables-et-presentoirs\/#primaryimage","url":"https:\/\/www.apros.it\/wp-content\/uploads\/2023\/07\/Consumabili-ed-Espositori-1-1.jpg","contentUrl":"https:\/\/www.apros.it\/wp-content\/uploads\/2023\/07\/Consumabili-ed-Espositori-1-1.jpg","width":800,"height":876},{"@type":"BreadcrumbList","@id":"https:\/\/www.apros.it\/fr\/produits\/consommables-presentoirs\/consommables-et-presentoirs\/#breadcrumb","itemListElement":[{"@type":"ListItem","position":1,"name":"Home","item":"https:\/\/www.apros.it\/fr\/"},{"@type":"ListItem","position":2,"name":"Produits","item":"https:\/\/www.apros.it\/prodotti\/"},{"@type":"ListItem","position":3,"name":"Consommables et pr\u00e9sentoirs"}]},{"@type":"WebSite","@id":"https:\/\/www.apros.it\/fr\/#website","url":"https:\/\/www.apros.it\/fr\/","name":"Apros : conduits de chemin\u00e9e, accessoires de conduits de chemin\u00e9e, tuyaux peints pour po\u00eales \u00e0 bois et \u00e0 granul\u00e9s","description":"","potentialAction":[{"@type":"SearchAction","target":{"@type":"EntryPoint","urlTemplate":"https:\/\/www.apros.it\/fr\/?s={search_term_string}"},"query-input":{"@type":"PropertyValueSpecification","valueRequired":true,"valueName":"search_term_string"}}],"inLanguage":"fr-FR"}]}},"_links":{"self":[{"href":"https:\/\/www.apros.it\/fr\/wp-json\/wp\/v2\/product\/10182","targetHints":{"allow":["GET"]}}],"collection":[{"href":"https:\/\/www.apros.it\/fr\/wp-json\/wp\/v2\/product"}],"about":[{"href":"https:\/\/www.apros.it\/fr\/wp-json\/wp\/v2\/types\/product"}],"wp:featuredmedia":[{"embeddable":true,"href":"https:\/\/www.apros.it\/fr\/wp-json\/wp\/v2\/media\/11810"}],"wp:attachment":[{"href":"https:\/\/www.apros.it\/fr\/wp-json\/wp\/v2\/media?parent=10182"}],"wp:term":[{"taxonomy":"product_cat","embeddable":true,"href":"https:\/\/www.apros.it\/fr\/wp-json\/wp\/v2\/product_cat?post=10182"},{"taxonomy":"product_tag","embeddable":true,"href":"https:\/\/www.apros.it\/fr\/wp-json\/wp\/v2\/product_tag?post=10182"}],"curies":[{"name":"wp","href":"https:\/\/api.w.org\/{rel}","templated":true}]}}