{"id":10179,"date":"2023-07-02T15:23:32","date_gmt":"2023-07-02T13:23:32","guid":{"rendered":"https:\/\/www.apros.it\/prodotti\/non%20class\u00e9\/dynamic-one\/"},"modified":"2025-07-17T18:07:18","modified_gmt":"2025-07-17T16:07:18","slug":"dynamic-one","status":"publish","type":"product","link":"https:\/\/www.apros.it\/fr\/produits\/conduits-de-cheminee\/dynamic-one\/","title":{"rendered":"Dynamic ONE"},"content":{"rendered":"<p><strong>T200-P1-W-V2-L50050-O70<\/strong> avec \u00e9lastom\u00e8re<br \/>\n<strong>T600-N1-D-V2-L50050-G520M<\/strong> sans \u00e9lastom\u00e8re<\/p>\n","protected":false},"excerpt":{"rendered":"<p><strong>Tuyaux de raccordement pour utilisation int\u00e9rieure en acier inox AISI 316L.<\/strong> Ils sont apt\u00e9s comme tuyaux de raccordement, au gainage ou \u00e0 la r\u00e9novation de chemin\u00e9es ou compartiments techniques existants. Avec \u00e9paisseur 0,5 mm. Sa temp\u00e9rature de travail il est jusqu&rsquo;\u00e0 200\u00b0C avec l&rsquo;utilisation de joints silicone (fournis jusqu&rsquo;au diam. 120 inclus) test\u00e9 G, r\u00e9sistant au feu de suie \u00e0 1000\u00b0C.<\/p>\n<p><strong>La gamme est compos\u00e9e de 874 r\u00e9f\u00e9rences.<\/strong> Les conduits de fum\u00e9e ont un diam\u00e8tre de 80 \u00e0 400 mm et deux finitions: Inox et couleur noire.<\/p>\n","protected":false},"featured_media":10181,"template":"","meta":{"_acf_changed":false},"product_cat":[152],"product_tag":[],"class_list":["post-10179","product","type-product","status-publish","has-post-thumbnail","hentry","product_cat-conduits-de-cheminee"],"acf":[],"yoast_head":"<!-- This site is optimized with the Yoast SEO plugin v27.3 - https:\/\/yoast.com\/product\/yoast-seo-wordpress\/ -->\n<title>Dynamic ONE - Apros : conduits de chemin\u00e9e, accessoires de conduits de chemin\u00e9e, tuyaux peints pour po\u00eales \u00e0 bois et \u00e0 granul\u00e9s<\/title>\n<meta name=\"robots\" content=\"index, follow, max-snippet:-1, max-image-preview:large, max-video-preview:-1\" \/>\n<link rel=\"canonical\" href=\"https:\/\/www.apros.it\/fr\/produits\/conduits-de-cheminee\/dynamic-one\/\" \/>\n<meta property=\"og:locale\" content=\"fr_FR\" \/>\n<meta property=\"og:type\" content=\"article\" \/>\n<meta property=\"og:title\" content=\"Dynamic ONE - Apros : conduits de chemin\u00e9e, accessoires de conduits de chemin\u00e9e, tuyaux peints pour po\u00eales \u00e0 bois et \u00e0 granul\u00e9s\" \/>\n<meta property=\"og:description\" content=\"Tuyaux de raccordement pour utilisation int\u00e9rieure en acier inox AISI 316L. Ils sont apt\u00e9s comme tuyaux de raccordement, au gainage ou \u00e0 la r\u00e9novation de chemin\u00e9es ou compartiments techniques existants. Avec \u00e9paisseur 0,5 mm. Sa temp\u00e9rature de travail il est jusqu&#039;\u00e0 200\u00b0C avec l&#039;utilisation de joints silicone (fournis jusqu&#039;au diam. 120 inclus) test\u00e9 G, r\u00e9sistant au feu de suie \u00e0 1000\u00b0C.  La gamme est compos\u00e9e de 874 r\u00e9f\u00e9rences. Les conduits de fum\u00e9e ont un diam\u00e8tre de 80 \u00e0 400 mm et deux finitions: Inox et couleur noire.\" \/>\n<meta property=\"og:url\" content=\"https:\/\/www.apros.it\/fr\/produits\/conduits-de-cheminee\/dynamic-one\/\" \/>\n<meta property=\"og:site_name\" content=\"Apros : conduits de chemin\u00e9e, accessoires de conduits de chemin\u00e9e, tuyaux peints pour po\u00eales \u00e0 bois et \u00e0 granul\u00e9s\" \/>\n<meta property=\"article:modified_time\" content=\"2025-07-17T16:07:18+00:00\" \/>\n<meta property=\"og:image\" content=\"https:\/\/www.apros.it\/wp-content\/uploads\/2023\/07\/linea-Dynamic-ONE-1.jpg\" \/>\n\t<meta property=\"og:image:width\" content=\"800\" \/>\n\t<meta property=\"og:image:height\" content=\"876\" \/>\n\t<meta property=\"og:image:type\" content=\"image\/jpeg\" \/>\n<meta name=\"twitter:card\" content=\"summary_large_image\" \/>\n<script type=\"application\/ld+json\" class=\"yoast-schema-graph\">{\"@context\":\"https:\\\/\\\/schema.org\",\"@graph\":[{\"@type\":\"WebPage\",\"@id\":\"https:\\\/\\\/www.apros.it\\\/fr\\\/produits\\\/conduits-de-cheminee\\\/dynamic-one\\\/\",\"url\":\"https:\\\/\\\/www.apros.it\\\/fr\\\/produits\\\/conduits-de-cheminee\\\/dynamic-one\\\/\",\"name\":\"Dynamic ONE - Apros : conduits de chemin\u00e9e, accessoires de conduits de chemin\u00e9e, tuyaux peints pour po\u00eales \u00e0 bois et \u00e0 granul\u00e9s\",\"isPartOf\":{\"@id\":\"https:\\\/\\\/www.apros.it\\\/fr\\\/#website\"},\"primaryImageOfPage\":{\"@id\":\"https:\\\/\\\/www.apros.it\\\/fr\\\/produits\\\/conduits-de-cheminee\\\/dynamic-one\\\/#primaryimage\"},\"image\":{\"@id\":\"https:\\\/\\\/www.apros.it\\\/fr\\\/produits\\\/conduits-de-cheminee\\\/dynamic-one\\\/#primaryimage\"},\"thumbnailUrl\":\"https:\\\/\\\/www.apros.it\\\/wp-content\\\/uploads\\\/2023\\\/07\\\/linea-Dynamic-ONE-1.jpg\",\"datePublished\":\"2023-07-02T13:23:32+00:00\",\"dateModified\":\"2025-07-17T16:07:18+00:00\",\"breadcrumb\":{\"@id\":\"https:\\\/\\\/www.apros.it\\\/fr\\\/produits\\\/conduits-de-cheminee\\\/dynamic-one\\\/#breadcrumb\"},\"inLanguage\":\"fr-FR\",\"potentialAction\":[{\"@type\":\"ReadAction\",\"target\":[\"https:\\\/\\\/www.apros.it\\\/fr\\\/produits\\\/conduits-de-cheminee\\\/dynamic-one\\\/\"]}]},{\"@type\":\"ImageObject\",\"inLanguage\":\"fr-FR\",\"@id\":\"https:\\\/\\\/www.apros.it\\\/fr\\\/produits\\\/conduits-de-cheminee\\\/dynamic-one\\\/#primaryimage\",\"url\":\"https:\\\/\\\/www.apros.it\\\/wp-content\\\/uploads\\\/2023\\\/07\\\/linea-Dynamic-ONE-1.jpg\",\"contentUrl\":\"https:\\\/\\\/www.apros.it\\\/wp-content\\\/uploads\\\/2023\\\/07\\\/linea-Dynamic-ONE-1.jpg\",\"width\":800,\"height\":876},{\"@type\":\"BreadcrumbList\",\"@id\":\"https:\\\/\\\/www.apros.it\\\/fr\\\/produits\\\/conduits-de-cheminee\\\/dynamic-one\\\/#breadcrumb\",\"itemListElement\":[{\"@type\":\"ListItem\",\"position\":1,\"name\":\"Home\",\"item\":\"https:\\\/\\\/www.apros.it\\\/fr\\\/\"},{\"@type\":\"ListItem\",\"position\":2,\"name\":\"Produits\",\"item\":\"https:\\\/\\\/www.apros.it\\\/prodotti\\\/\"},{\"@type\":\"ListItem\",\"position\":3,\"name\":\"Dynamic ONE\"}]},{\"@type\":\"WebSite\",\"@id\":\"https:\\\/\\\/www.apros.it\\\/fr\\\/#website\",\"url\":\"https:\\\/\\\/www.apros.it\\\/fr\\\/\",\"name\":\"Apros : conduits de chemin\u00e9e, accessoires de conduits de chemin\u00e9e, tuyaux peints pour po\u00eales \u00e0 bois et \u00e0 granul\u00e9s\",\"description\":\"\",\"potentialAction\":[{\"@type\":\"SearchAction\",\"target\":{\"@type\":\"EntryPoint\",\"urlTemplate\":\"https:\\\/\\\/www.apros.it\\\/fr\\\/?s={search_term_string}\"},\"query-input\":{\"@type\":\"PropertyValueSpecification\",\"valueRequired\":true,\"valueName\":\"search_term_string\"}}],\"inLanguage\":\"fr-FR\"}]}<\/script>\n<!-- \/ Yoast SEO plugin. -->","yoast_head_json":{"title":"Dynamic ONE - Apros : conduits de chemin\u00e9e, accessoires de conduits de chemin\u00e9e, tuyaux peints pour po\u00eales \u00e0 bois et \u00e0 granul\u00e9s","robots":{"index":"index","follow":"follow","max-snippet":"max-snippet:-1","max-image-preview":"max-image-preview:large","max-video-preview":"max-video-preview:-1"},"canonical":"https:\/\/www.apros.it\/fr\/produits\/conduits-de-cheminee\/dynamic-one\/","og_locale":"fr_FR","og_type":"article","og_title":"Dynamic ONE - Apros : conduits de chemin\u00e9e, accessoires de conduits de chemin\u00e9e, tuyaux peints pour po\u00eales \u00e0 bois et \u00e0 granul\u00e9s","og_description":"Tuyaux de raccordement pour utilisation int\u00e9rieure en acier inox AISI 316L. Ils sont apt\u00e9s comme tuyaux de raccordement, au gainage ou \u00e0 la r\u00e9novation de chemin\u00e9es ou compartiments techniques existants. Avec \u00e9paisseur 0,5 mm. Sa temp\u00e9rature de travail il est jusqu'\u00e0 200\u00b0C avec l'utilisation de joints silicone (fournis jusqu'au diam. 120 inclus) test\u00e9 G, r\u00e9sistant au feu de suie \u00e0 1000\u00b0C.  La gamme est compos\u00e9e de 874 r\u00e9f\u00e9rences. Les conduits de fum\u00e9e ont un diam\u00e8tre de 80 \u00e0 400 mm et deux finitions: Inox et couleur noire.","og_url":"https:\/\/www.apros.it\/fr\/produits\/conduits-de-cheminee\/dynamic-one\/","og_site_name":"Apros : conduits de chemin\u00e9e, accessoires de conduits de chemin\u00e9e, tuyaux peints pour po\u00eales \u00e0 bois et \u00e0 granul\u00e9s","article_modified_time":"2025-07-17T16:07:18+00:00","og_image":[{"width":800,"height":876,"url":"https:\/\/www.apros.it\/wp-content\/uploads\/2023\/07\/linea-Dynamic-ONE-1.jpg","type":"image\/jpeg"}],"twitter_card":"summary_large_image","schema":{"@context":"https:\/\/schema.org","@graph":[{"@type":"WebPage","@id":"https:\/\/www.apros.it\/fr\/produits\/conduits-de-cheminee\/dynamic-one\/","url":"https:\/\/www.apros.it\/fr\/produits\/conduits-de-cheminee\/dynamic-one\/","name":"Dynamic ONE - Apros : conduits de chemin\u00e9e, accessoires de conduits de chemin\u00e9e, tuyaux peints pour po\u00eales \u00e0 bois et \u00e0 granul\u00e9s","isPartOf":{"@id":"https:\/\/www.apros.it\/fr\/#website"},"primaryImageOfPage":{"@id":"https:\/\/www.apros.it\/fr\/produits\/conduits-de-cheminee\/dynamic-one\/#primaryimage"},"image":{"@id":"https:\/\/www.apros.it\/fr\/produits\/conduits-de-cheminee\/dynamic-one\/#primaryimage"},"thumbnailUrl":"https:\/\/www.apros.it\/wp-content\/uploads\/2023\/07\/linea-Dynamic-ONE-1.jpg","datePublished":"2023-07-02T13:23:32+00:00","dateModified":"2025-07-17T16:07:18+00:00","breadcrumb":{"@id":"https:\/\/www.apros.it\/fr\/produits\/conduits-de-cheminee\/dynamic-one\/#breadcrumb"},"inLanguage":"fr-FR","potentialAction":[{"@type":"ReadAction","target":["https:\/\/www.apros.it\/fr\/produits\/conduits-de-cheminee\/dynamic-one\/"]}]},{"@type":"ImageObject","inLanguage":"fr-FR","@id":"https:\/\/www.apros.it\/fr\/produits\/conduits-de-cheminee\/dynamic-one\/#primaryimage","url":"https:\/\/www.apros.it\/wp-content\/uploads\/2023\/07\/linea-Dynamic-ONE-1.jpg","contentUrl":"https:\/\/www.apros.it\/wp-content\/uploads\/2023\/07\/linea-Dynamic-ONE-1.jpg","width":800,"height":876},{"@type":"BreadcrumbList","@id":"https:\/\/www.apros.it\/fr\/produits\/conduits-de-cheminee\/dynamic-one\/#breadcrumb","itemListElement":[{"@type":"ListItem","position":1,"name":"Home","item":"https:\/\/www.apros.it\/fr\/"},{"@type":"ListItem","position":2,"name":"Produits","item":"https:\/\/www.apros.it\/prodotti\/"},{"@type":"ListItem","position":3,"name":"Dynamic ONE"}]},{"@type":"WebSite","@id":"https:\/\/www.apros.it\/fr\/#website","url":"https:\/\/www.apros.it\/fr\/","name":"Apros : conduits de chemin\u00e9e, accessoires de conduits de chemin\u00e9e, tuyaux peints pour po\u00eales \u00e0 bois et \u00e0 granul\u00e9s","description":"","potentialAction":[{"@type":"SearchAction","target":{"@type":"EntryPoint","urlTemplate":"https:\/\/www.apros.it\/fr\/?s={search_term_string}"},"query-input":{"@type":"PropertyValueSpecification","valueRequired":true,"valueName":"search_term_string"}}],"inLanguage":"fr-FR"}]}},"_links":{"self":[{"href":"https:\/\/www.apros.it\/fr\/wp-json\/wp\/v2\/product\/10179","targetHints":{"allow":["GET"]}}],"collection":[{"href":"https:\/\/www.apros.it\/fr\/wp-json\/wp\/v2\/product"}],"about":[{"href":"https:\/\/www.apros.it\/fr\/wp-json\/wp\/v2\/types\/product"}],"wp:featuredmedia":[{"embeddable":true,"href":"https:\/\/www.apros.it\/fr\/wp-json\/wp\/v2\/media\/10181"}],"wp:attachment":[{"href":"https:\/\/www.apros.it\/fr\/wp-json\/wp\/v2\/media?parent=10179"}],"wp:term":[{"taxonomy":"product_cat","embeddable":true,"href":"https:\/\/www.apros.it\/fr\/wp-json\/wp\/v2\/product_cat?post=10179"},{"taxonomy":"product_tag","embeddable":true,"href":"https:\/\/www.apros.it\/fr\/wp-json\/wp\/v2\/product_tag?post=10179"}],"curies":[{"name":"wp","href":"https:\/\/api.w.org\/{rel}","templated":true}]}}