{"id":10177,"date":"2023-07-02T15:24:51","date_gmt":"2023-07-02T13:24:51","guid":{"rendered":"https:\/\/www.apros.it\/prodotti\/non%20class\u00e9\/dynamic-two\/"},"modified":"2025-08-06T13:49:26","modified_gmt":"2025-08-06T11:49:26","slug":"dynamic-two","status":"publish","type":"product","link":"https:\/\/www.apros.it\/fr\/produits\/conduits-de-cheminee\/dynamic-two\/","title":{"rendered":"Dynamic TWO"},"content":{"rendered":"<p><strong>T200-P1-W-V2-L50050-O30<\/strong> avec \u00e9lastom\u00e8re<br \/>\n<strong>T600-N1-W-V2-L50050-G50<\/strong> sans \u00e9lastom\u00e8re<br \/>\n<strong>T600-N1-W-V2-L50050-G70<\/strong> couleur noir<\/p>\n","protected":false},"excerpt":{"rendered":"<p><strong>Syst\u00e8me de chemin\u00e9e isol\u00e9e \u00e0 double paroi pour l&rsquo;ext\u00e9rieur.<\/strong> La paroi ext\u00e9rieure en acier inox AISI 304BA \u00e9paisseur 0,5 mm et pour les finitions peintes en acier galvanis\u00e9. Il a un \u00e9paisseur de 0,5 mm avec isolation de la laine de roche de 25 mm d&rsquo;\u00e9paisseur souffl\u00e9e entre les parois \u00e0 une densit\u00e9 de 180 kg\/m\u00b3. Est \u00e9quip\u00e9 des anneaux sp\u00e9ciaux en acier inoxydable pour contenir l&rsquo;isolant. Sa temp\u00e9rature de travail jusqu&rsquo;\u00e0 200\u00b0C avec l&rsquo;utilisation de joints en silicone (sur demande) ou 600\u00b0C sans joint.<\/p>\n<p><strong>La gamme est compos\u00e9e de 1984 r\u00e9f\u00e9rences.<\/strong> Elle est disponible avec un diam\u00e8tre de 80 \u00e0 350 mm et quatre finitions : Inox, cuivre, noir, couleur cuivre.<\/p>\n","protected":false},"featured_media":10178,"template":"","meta":{"_acf_changed":false},"product_cat":[152],"product_tag":[],"class_list":["post-10177","product","type-product","status-publish","has-post-thumbnail","hentry","product_cat-conduits-de-cheminee"],"acf":[],"yoast_head":"<!-- This site is optimized with the Yoast SEO plugin v27.3 - https:\/\/yoast.com\/product\/yoast-seo-wordpress\/ -->\n<title>Dynamic TWO - Apros : conduits de chemin\u00e9e, accessoires de conduits de chemin\u00e9e, tuyaux peints pour po\u00eales \u00e0 bois et \u00e0 granul\u00e9s<\/title>\n<meta name=\"robots\" content=\"index, follow, max-snippet:-1, max-image-preview:large, max-video-preview:-1\" \/>\n<link rel=\"canonical\" href=\"https:\/\/www.apros.it\/fr\/produits\/conduits-de-cheminee\/dynamic-two\/\" \/>\n<meta property=\"og:locale\" content=\"fr_FR\" \/>\n<meta property=\"og:type\" content=\"article\" \/>\n<meta property=\"og:title\" content=\"Dynamic TWO - Apros : conduits de chemin\u00e9e, accessoires de conduits de chemin\u00e9e, tuyaux peints pour po\u00eales \u00e0 bois et \u00e0 granul\u00e9s\" \/>\n<meta property=\"og:description\" content=\"Syst\u00e8me de chemin\u00e9e isol\u00e9e \u00e0 double paroi pour l&#039;ext\u00e9rieur. La paroi ext\u00e9rieure en acier inox AISI 304BA \u00e9paisseur 0,5 mm et pour les finitions peintes en acier galvanis\u00e9. Il a un \u00e9paisseur de 0,5 mm avec isolation de la laine de roche de 25 mm d&#039;\u00e9paisseur souffl\u00e9e entre les parois \u00e0 une densit\u00e9 de 180 kg\/m\u00b3. Est \u00e9quip\u00e9 des anneaux sp\u00e9ciaux en acier inoxydable pour contenir l&#039;isolant. Sa temp\u00e9rature de travail jusqu&#039;\u00e0 200\u00b0C avec l&#039;utilisation de joints en silicone (sur demande) ou 600\u00b0C sans joint.  La gamme est compos\u00e9e de 1984 r\u00e9f\u00e9rences. Elle est disponible avec un diam\u00e8tre de 80 \u00e0 350 mm et quatre finitions : Inox, cuivre, noir, couleur cuivre.\" \/>\n<meta property=\"og:url\" content=\"https:\/\/www.apros.it\/fr\/produits\/conduits-de-cheminee\/dynamic-two\/\" \/>\n<meta property=\"og:site_name\" content=\"Apros : conduits de chemin\u00e9e, accessoires de conduits de chemin\u00e9e, tuyaux peints pour po\u00eales \u00e0 bois et \u00e0 granul\u00e9s\" \/>\n<meta property=\"article:modified_time\" content=\"2025-08-06T11:49:26+00:00\" \/>\n<meta property=\"og:image\" content=\"https:\/\/www.apros.it\/wp-content\/uploads\/2023\/07\/linea-Dynamic-TWO.jpg\" \/>\n\t<meta property=\"og:image:width\" content=\"800\" \/>\n\t<meta property=\"og:image:height\" content=\"876\" \/>\n\t<meta property=\"og:image:type\" content=\"image\/jpeg\" \/>\n<meta name=\"twitter:card\" content=\"summary_large_image\" \/>\n<script type=\"application\/ld+json\" class=\"yoast-schema-graph\">{\"@context\":\"https:\\\/\\\/schema.org\",\"@graph\":[{\"@type\":\"WebPage\",\"@id\":\"https:\\\/\\\/www.apros.it\\\/fr\\\/produits\\\/conduits-de-cheminee\\\/dynamic-two\\\/\",\"url\":\"https:\\\/\\\/www.apros.it\\\/fr\\\/produits\\\/conduits-de-cheminee\\\/dynamic-two\\\/\",\"name\":\"Dynamic TWO - Apros : conduits de chemin\u00e9e, accessoires de conduits de chemin\u00e9e, tuyaux peints pour po\u00eales \u00e0 bois et \u00e0 granul\u00e9s\",\"isPartOf\":{\"@id\":\"https:\\\/\\\/www.apros.it\\\/fr\\\/#website\"},\"primaryImageOfPage\":{\"@id\":\"https:\\\/\\\/www.apros.it\\\/fr\\\/produits\\\/conduits-de-cheminee\\\/dynamic-two\\\/#primaryimage\"},\"image\":{\"@id\":\"https:\\\/\\\/www.apros.it\\\/fr\\\/produits\\\/conduits-de-cheminee\\\/dynamic-two\\\/#primaryimage\"},\"thumbnailUrl\":\"https:\\\/\\\/www.apros.it\\\/wp-content\\\/uploads\\\/2023\\\/07\\\/linea-Dynamic-TWO.jpg\",\"datePublished\":\"2023-07-02T13:24:51+00:00\",\"dateModified\":\"2025-08-06T11:49:26+00:00\",\"breadcrumb\":{\"@id\":\"https:\\\/\\\/www.apros.it\\\/fr\\\/produits\\\/conduits-de-cheminee\\\/dynamic-two\\\/#breadcrumb\"},\"inLanguage\":\"fr-FR\",\"potentialAction\":[{\"@type\":\"ReadAction\",\"target\":[\"https:\\\/\\\/www.apros.it\\\/fr\\\/produits\\\/conduits-de-cheminee\\\/dynamic-two\\\/\"]}]},{\"@type\":\"ImageObject\",\"inLanguage\":\"fr-FR\",\"@id\":\"https:\\\/\\\/www.apros.it\\\/fr\\\/produits\\\/conduits-de-cheminee\\\/dynamic-two\\\/#primaryimage\",\"url\":\"https:\\\/\\\/www.apros.it\\\/wp-content\\\/uploads\\\/2023\\\/07\\\/linea-Dynamic-TWO.jpg\",\"contentUrl\":\"https:\\\/\\\/www.apros.it\\\/wp-content\\\/uploads\\\/2023\\\/07\\\/linea-Dynamic-TWO.jpg\",\"width\":800,\"height\":876},{\"@type\":\"BreadcrumbList\",\"@id\":\"https:\\\/\\\/www.apros.it\\\/fr\\\/produits\\\/conduits-de-cheminee\\\/dynamic-two\\\/#breadcrumb\",\"itemListElement\":[{\"@type\":\"ListItem\",\"position\":1,\"name\":\"Home\",\"item\":\"https:\\\/\\\/www.apros.it\\\/fr\\\/\"},{\"@type\":\"ListItem\",\"position\":2,\"name\":\"Produits\",\"item\":\"https:\\\/\\\/www.apros.it\\\/prodotti\\\/\"},{\"@type\":\"ListItem\",\"position\":3,\"name\":\"Dynamic TWO\"}]},{\"@type\":\"WebSite\",\"@id\":\"https:\\\/\\\/www.apros.it\\\/fr\\\/#website\",\"url\":\"https:\\\/\\\/www.apros.it\\\/fr\\\/\",\"name\":\"Apros : conduits de chemin\u00e9e, accessoires de conduits de chemin\u00e9e, tuyaux peints pour po\u00eales \u00e0 bois et \u00e0 granul\u00e9s\",\"description\":\"\",\"potentialAction\":[{\"@type\":\"SearchAction\",\"target\":{\"@type\":\"EntryPoint\",\"urlTemplate\":\"https:\\\/\\\/www.apros.it\\\/fr\\\/?s={search_term_string}\"},\"query-input\":{\"@type\":\"PropertyValueSpecification\",\"valueRequired\":true,\"valueName\":\"search_term_string\"}}],\"inLanguage\":\"fr-FR\"}]}<\/script>\n<!-- \/ Yoast SEO plugin. -->","yoast_head_json":{"title":"Dynamic TWO - Apros : conduits de chemin\u00e9e, accessoires de conduits de chemin\u00e9e, tuyaux peints pour po\u00eales \u00e0 bois et \u00e0 granul\u00e9s","robots":{"index":"index","follow":"follow","max-snippet":"max-snippet:-1","max-image-preview":"max-image-preview:large","max-video-preview":"max-video-preview:-1"},"canonical":"https:\/\/www.apros.it\/fr\/produits\/conduits-de-cheminee\/dynamic-two\/","og_locale":"fr_FR","og_type":"article","og_title":"Dynamic TWO - Apros : conduits de chemin\u00e9e, accessoires de conduits de chemin\u00e9e, tuyaux peints pour po\u00eales \u00e0 bois et \u00e0 granul\u00e9s","og_description":"Syst\u00e8me de chemin\u00e9e isol\u00e9e \u00e0 double paroi pour l'ext\u00e9rieur. La paroi ext\u00e9rieure en acier inox AISI 304BA \u00e9paisseur 0,5 mm et pour les finitions peintes en acier galvanis\u00e9. Il a un \u00e9paisseur de 0,5 mm avec isolation de la laine de roche de 25 mm d'\u00e9paisseur souffl\u00e9e entre les parois \u00e0 une densit\u00e9 de 180 kg\/m\u00b3. Est \u00e9quip\u00e9 des anneaux sp\u00e9ciaux en acier inoxydable pour contenir l'isolant. Sa temp\u00e9rature de travail jusqu'\u00e0 200\u00b0C avec l'utilisation de joints en silicone (sur demande) ou 600\u00b0C sans joint.  La gamme est compos\u00e9e de 1984 r\u00e9f\u00e9rences. Elle est disponible avec un diam\u00e8tre de 80 \u00e0 350 mm et quatre finitions : Inox, cuivre, noir, couleur cuivre.","og_url":"https:\/\/www.apros.it\/fr\/produits\/conduits-de-cheminee\/dynamic-two\/","og_site_name":"Apros : conduits de chemin\u00e9e, accessoires de conduits de chemin\u00e9e, tuyaux peints pour po\u00eales \u00e0 bois et \u00e0 granul\u00e9s","article_modified_time":"2025-08-06T11:49:26+00:00","og_image":[{"width":800,"height":876,"url":"https:\/\/www.apros.it\/wp-content\/uploads\/2023\/07\/linea-Dynamic-TWO.jpg","type":"image\/jpeg"}],"twitter_card":"summary_large_image","schema":{"@context":"https:\/\/schema.org","@graph":[{"@type":"WebPage","@id":"https:\/\/www.apros.it\/fr\/produits\/conduits-de-cheminee\/dynamic-two\/","url":"https:\/\/www.apros.it\/fr\/produits\/conduits-de-cheminee\/dynamic-two\/","name":"Dynamic TWO - Apros : conduits de chemin\u00e9e, accessoires de conduits de chemin\u00e9e, tuyaux peints pour po\u00eales \u00e0 bois et \u00e0 granul\u00e9s","isPartOf":{"@id":"https:\/\/www.apros.it\/fr\/#website"},"primaryImageOfPage":{"@id":"https:\/\/www.apros.it\/fr\/produits\/conduits-de-cheminee\/dynamic-two\/#primaryimage"},"image":{"@id":"https:\/\/www.apros.it\/fr\/produits\/conduits-de-cheminee\/dynamic-two\/#primaryimage"},"thumbnailUrl":"https:\/\/www.apros.it\/wp-content\/uploads\/2023\/07\/linea-Dynamic-TWO.jpg","datePublished":"2023-07-02T13:24:51+00:00","dateModified":"2025-08-06T11:49:26+00:00","breadcrumb":{"@id":"https:\/\/www.apros.it\/fr\/produits\/conduits-de-cheminee\/dynamic-two\/#breadcrumb"},"inLanguage":"fr-FR","potentialAction":[{"@type":"ReadAction","target":["https:\/\/www.apros.it\/fr\/produits\/conduits-de-cheminee\/dynamic-two\/"]}]},{"@type":"ImageObject","inLanguage":"fr-FR","@id":"https:\/\/www.apros.it\/fr\/produits\/conduits-de-cheminee\/dynamic-two\/#primaryimage","url":"https:\/\/www.apros.it\/wp-content\/uploads\/2023\/07\/linea-Dynamic-TWO.jpg","contentUrl":"https:\/\/www.apros.it\/wp-content\/uploads\/2023\/07\/linea-Dynamic-TWO.jpg","width":800,"height":876},{"@type":"BreadcrumbList","@id":"https:\/\/www.apros.it\/fr\/produits\/conduits-de-cheminee\/dynamic-two\/#breadcrumb","itemListElement":[{"@type":"ListItem","position":1,"name":"Home","item":"https:\/\/www.apros.it\/fr\/"},{"@type":"ListItem","position":2,"name":"Produits","item":"https:\/\/www.apros.it\/prodotti\/"},{"@type":"ListItem","position":3,"name":"Dynamic TWO"}]},{"@type":"WebSite","@id":"https:\/\/www.apros.it\/fr\/#website","url":"https:\/\/www.apros.it\/fr\/","name":"Apros : conduits de chemin\u00e9e, accessoires de conduits de chemin\u00e9e, tuyaux peints pour po\u00eales \u00e0 bois et \u00e0 granul\u00e9s","description":"","potentialAction":[{"@type":"SearchAction","target":{"@type":"EntryPoint","urlTemplate":"https:\/\/www.apros.it\/fr\/?s={search_term_string}"},"query-input":{"@type":"PropertyValueSpecification","valueRequired":true,"valueName":"search_term_string"}}],"inLanguage":"fr-FR"}]}},"_links":{"self":[{"href":"https:\/\/www.apros.it\/fr\/wp-json\/wp\/v2\/product\/10177","targetHints":{"allow":["GET"]}}],"collection":[{"href":"https:\/\/www.apros.it\/fr\/wp-json\/wp\/v2\/product"}],"about":[{"href":"https:\/\/www.apros.it\/fr\/wp-json\/wp\/v2\/types\/product"}],"wp:featuredmedia":[{"embeddable":true,"href":"https:\/\/www.apros.it\/fr\/wp-json\/wp\/v2\/media\/10178"}],"wp:attachment":[{"href":"https:\/\/www.apros.it\/fr\/wp-json\/wp\/v2\/media?parent=10177"}],"wp:term":[{"taxonomy":"product_cat","embeddable":true,"href":"https:\/\/www.apros.it\/fr\/wp-json\/wp\/v2\/product_cat?post=10177"},{"taxonomy":"product_tag","embeddable":true,"href":"https:\/\/www.apros.it\/fr\/wp-json\/wp\/v2\/product_tag?post=10177"}],"curies":[{"name":"wp","href":"https:\/\/api.w.org\/{rel}","templated":true}]}}