{"id":10159,"date":"2023-07-02T15:52:01","date_gmt":"2023-07-02T13:52:01","guid":{"rendered":"https:\/\/www.apros.it\/prodotti\/non%20class\u00e9\/plasti-two\/"},"modified":"2025-07-20T12:54:03","modified_gmt":"2025-07-20T10:54:03","slug":"plasti-two","status":"publish","type":"product","link":"https:\/\/www.apros.it\/fr\/produits\/conduits-de-cheminee\/plasti-two\/","title":{"rendered":"Plasti TWO"},"content":{"rendered":"","protected":false},"excerpt":{"rendered":"<p><strong>Conduits concentriques \u00e0 double paroi pour usage interne<\/strong> compatibles avec les principaux fabricants de chaudi\u00e8res. Sa temp\u00e9rature de fonctionnement il est jusqu&rsquo;\u00e0 120\u00b0C. La gamme comprend des terminaux hautes performances en polypropyl\u00e8ne ou nylon de couleur noir, con\u00e7us avec un filtre anti-UV, pour garantir la durabilit\u00e9 et le fonctionnement m\u00eame dans des conditions m\u00e9t\u00e9orologiques d\u00e9favorables.<\/p>\n<p><strong>La gamme se compose de 59 articles.<\/strong> Le diam\u00e8tre varie de 60\/100 \u00e0 80\/125 mm.<\/p>\n","protected":false},"featured_media":10160,"template":"","meta":{"_acf_changed":false},"product_cat":[152],"product_tag":[],"class_list":["post-10159","product","type-product","status-publish","has-post-thumbnail","hentry","product_cat-conduits-de-cheminee"],"acf":[],"yoast_head":"<!-- This site is optimized with the Yoast SEO plugin v27.3 - https:\/\/yoast.com\/product\/yoast-seo-wordpress\/ -->\n<title>Plasti TWO - Apros : conduits de chemin\u00e9e, accessoires de conduits de chemin\u00e9e, tuyaux peints pour po\u00eales \u00e0 bois et \u00e0 granul\u00e9s<\/title>\n<meta name=\"robots\" content=\"index, follow, max-snippet:-1, max-image-preview:large, max-video-preview:-1\" \/>\n<link rel=\"canonical\" href=\"https:\/\/www.apros.it\/fr\/produits\/conduits-de-cheminee\/plasti-two\/\" \/>\n<meta property=\"og:locale\" content=\"fr_FR\" \/>\n<meta property=\"og:type\" content=\"article\" \/>\n<meta property=\"og:title\" content=\"Plasti TWO - Apros : conduits de chemin\u00e9e, accessoires de conduits de chemin\u00e9e, tuyaux peints pour po\u00eales \u00e0 bois et \u00e0 granul\u00e9s\" \/>\n<meta property=\"og:description\" content=\"Conduits concentriques \u00e0 double paroi pour usage interne compatibles avec les principaux fabricants de chaudi\u00e8res. Sa temp\u00e9rature de fonctionnement il est jusqu&#039;\u00e0 120\u00b0C. La gamme comprend des terminaux hautes performances en polypropyl\u00e8ne ou nylon de couleur noir, con\u00e7us avec un filtre anti-UV, pour garantir la durabilit\u00e9 et le fonctionnement m\u00eame dans des conditions m\u00e9t\u00e9orologiques d\u00e9favorables.  La gamme se compose de 59 articles. Le diam\u00e8tre varie de 60\/100 \u00e0 80\/125 mm.\" \/>\n<meta property=\"og:url\" content=\"https:\/\/www.apros.it\/fr\/produits\/conduits-de-cheminee\/plasti-two\/\" \/>\n<meta property=\"og:site_name\" content=\"Apros : conduits de chemin\u00e9e, accessoires de conduits de chemin\u00e9e, tuyaux peints pour po\u00eales \u00e0 bois et \u00e0 granul\u00e9s\" \/>\n<meta property=\"article:modified_time\" content=\"2025-07-20T10:54:03+00:00\" \/>\n<meta property=\"og:image\" content=\"https:\/\/www.apros.it\/wp-content\/uploads\/2023\/07\/linea-Plasti-TWO.jpg\" \/>\n\t<meta property=\"og:image:width\" content=\"800\" \/>\n\t<meta property=\"og:image:height\" content=\"876\" \/>\n\t<meta property=\"og:image:type\" content=\"image\/jpeg\" \/>\n<meta name=\"twitter:card\" content=\"summary_large_image\" \/>\n<script type=\"application\/ld+json\" class=\"yoast-schema-graph\">{\"@context\":\"https:\\\/\\\/schema.org\",\"@graph\":[{\"@type\":\"WebPage\",\"@id\":\"https:\\\/\\\/www.apros.it\\\/fr\\\/produits\\\/conduits-de-cheminee\\\/plasti-two\\\/\",\"url\":\"https:\\\/\\\/www.apros.it\\\/fr\\\/produits\\\/conduits-de-cheminee\\\/plasti-two\\\/\",\"name\":\"Plasti TWO - Apros : conduits de chemin\u00e9e, accessoires de conduits de chemin\u00e9e, tuyaux peints pour po\u00eales \u00e0 bois et \u00e0 granul\u00e9s\",\"isPartOf\":{\"@id\":\"https:\\\/\\\/www.apros.it\\\/fr\\\/#website\"},\"primaryImageOfPage\":{\"@id\":\"https:\\\/\\\/www.apros.it\\\/fr\\\/produits\\\/conduits-de-cheminee\\\/plasti-two\\\/#primaryimage\"},\"image\":{\"@id\":\"https:\\\/\\\/www.apros.it\\\/fr\\\/produits\\\/conduits-de-cheminee\\\/plasti-two\\\/#primaryimage\"},\"thumbnailUrl\":\"https:\\\/\\\/www.apros.it\\\/wp-content\\\/uploads\\\/2023\\\/07\\\/linea-Plasti-TWO.jpg\",\"datePublished\":\"2023-07-02T13:52:01+00:00\",\"dateModified\":\"2025-07-20T10:54:03+00:00\",\"breadcrumb\":{\"@id\":\"https:\\\/\\\/www.apros.it\\\/fr\\\/produits\\\/conduits-de-cheminee\\\/plasti-two\\\/#breadcrumb\"},\"inLanguage\":\"fr-FR\",\"potentialAction\":[{\"@type\":\"ReadAction\",\"target\":[\"https:\\\/\\\/www.apros.it\\\/fr\\\/produits\\\/conduits-de-cheminee\\\/plasti-two\\\/\"]}]},{\"@type\":\"ImageObject\",\"inLanguage\":\"fr-FR\",\"@id\":\"https:\\\/\\\/www.apros.it\\\/fr\\\/produits\\\/conduits-de-cheminee\\\/plasti-two\\\/#primaryimage\",\"url\":\"https:\\\/\\\/www.apros.it\\\/wp-content\\\/uploads\\\/2023\\\/07\\\/linea-Plasti-TWO.jpg\",\"contentUrl\":\"https:\\\/\\\/www.apros.it\\\/wp-content\\\/uploads\\\/2023\\\/07\\\/linea-Plasti-TWO.jpg\",\"width\":800,\"height\":876},{\"@type\":\"BreadcrumbList\",\"@id\":\"https:\\\/\\\/www.apros.it\\\/fr\\\/produits\\\/conduits-de-cheminee\\\/plasti-two\\\/#breadcrumb\",\"itemListElement\":[{\"@type\":\"ListItem\",\"position\":1,\"name\":\"Home\",\"item\":\"https:\\\/\\\/www.apros.it\\\/fr\\\/\"},{\"@type\":\"ListItem\",\"position\":2,\"name\":\"Produits\",\"item\":\"https:\\\/\\\/www.apros.it\\\/prodotti\\\/\"},{\"@type\":\"ListItem\",\"position\":3,\"name\":\"Plasti TWO\"}]},{\"@type\":\"WebSite\",\"@id\":\"https:\\\/\\\/www.apros.it\\\/fr\\\/#website\",\"url\":\"https:\\\/\\\/www.apros.it\\\/fr\\\/\",\"name\":\"Apros : conduits de chemin\u00e9e, accessoires de conduits de chemin\u00e9e, tuyaux peints pour po\u00eales \u00e0 bois et \u00e0 granul\u00e9s\",\"description\":\"\",\"potentialAction\":[{\"@type\":\"SearchAction\",\"target\":{\"@type\":\"EntryPoint\",\"urlTemplate\":\"https:\\\/\\\/www.apros.it\\\/fr\\\/?s={search_term_string}\"},\"query-input\":{\"@type\":\"PropertyValueSpecification\",\"valueRequired\":true,\"valueName\":\"search_term_string\"}}],\"inLanguage\":\"fr-FR\"}]}<\/script>\n<!-- \/ Yoast SEO plugin. -->","yoast_head_json":{"title":"Plasti TWO - Apros : conduits de chemin\u00e9e, accessoires de conduits de chemin\u00e9e, tuyaux peints pour po\u00eales \u00e0 bois et \u00e0 granul\u00e9s","robots":{"index":"index","follow":"follow","max-snippet":"max-snippet:-1","max-image-preview":"max-image-preview:large","max-video-preview":"max-video-preview:-1"},"canonical":"https:\/\/www.apros.it\/fr\/produits\/conduits-de-cheminee\/plasti-two\/","og_locale":"fr_FR","og_type":"article","og_title":"Plasti TWO - Apros : conduits de chemin\u00e9e, accessoires de conduits de chemin\u00e9e, tuyaux peints pour po\u00eales \u00e0 bois et \u00e0 granul\u00e9s","og_description":"Conduits concentriques \u00e0 double paroi pour usage interne compatibles avec les principaux fabricants de chaudi\u00e8res. Sa temp\u00e9rature de fonctionnement il est jusqu'\u00e0 120\u00b0C. La gamme comprend des terminaux hautes performances en polypropyl\u00e8ne ou nylon de couleur noir, con\u00e7us avec un filtre anti-UV, pour garantir la durabilit\u00e9 et le fonctionnement m\u00eame dans des conditions m\u00e9t\u00e9orologiques d\u00e9favorables.  La gamme se compose de 59 articles. Le diam\u00e8tre varie de 60\/100 \u00e0 80\/125 mm.","og_url":"https:\/\/www.apros.it\/fr\/produits\/conduits-de-cheminee\/plasti-two\/","og_site_name":"Apros : conduits de chemin\u00e9e, accessoires de conduits de chemin\u00e9e, tuyaux peints pour po\u00eales \u00e0 bois et \u00e0 granul\u00e9s","article_modified_time":"2025-07-20T10:54:03+00:00","og_image":[{"width":800,"height":876,"url":"https:\/\/www.apros.it\/wp-content\/uploads\/2023\/07\/linea-Plasti-TWO.jpg","type":"image\/jpeg"}],"twitter_card":"summary_large_image","schema":{"@context":"https:\/\/schema.org","@graph":[{"@type":"WebPage","@id":"https:\/\/www.apros.it\/fr\/produits\/conduits-de-cheminee\/plasti-two\/","url":"https:\/\/www.apros.it\/fr\/produits\/conduits-de-cheminee\/plasti-two\/","name":"Plasti TWO - Apros : conduits de chemin\u00e9e, accessoires de conduits de chemin\u00e9e, tuyaux peints pour po\u00eales \u00e0 bois et \u00e0 granul\u00e9s","isPartOf":{"@id":"https:\/\/www.apros.it\/fr\/#website"},"primaryImageOfPage":{"@id":"https:\/\/www.apros.it\/fr\/produits\/conduits-de-cheminee\/plasti-two\/#primaryimage"},"image":{"@id":"https:\/\/www.apros.it\/fr\/produits\/conduits-de-cheminee\/plasti-two\/#primaryimage"},"thumbnailUrl":"https:\/\/www.apros.it\/wp-content\/uploads\/2023\/07\/linea-Plasti-TWO.jpg","datePublished":"2023-07-02T13:52:01+00:00","dateModified":"2025-07-20T10:54:03+00:00","breadcrumb":{"@id":"https:\/\/www.apros.it\/fr\/produits\/conduits-de-cheminee\/plasti-two\/#breadcrumb"},"inLanguage":"fr-FR","potentialAction":[{"@type":"ReadAction","target":["https:\/\/www.apros.it\/fr\/produits\/conduits-de-cheminee\/plasti-two\/"]}]},{"@type":"ImageObject","inLanguage":"fr-FR","@id":"https:\/\/www.apros.it\/fr\/produits\/conduits-de-cheminee\/plasti-two\/#primaryimage","url":"https:\/\/www.apros.it\/wp-content\/uploads\/2023\/07\/linea-Plasti-TWO.jpg","contentUrl":"https:\/\/www.apros.it\/wp-content\/uploads\/2023\/07\/linea-Plasti-TWO.jpg","width":800,"height":876},{"@type":"BreadcrumbList","@id":"https:\/\/www.apros.it\/fr\/produits\/conduits-de-cheminee\/plasti-two\/#breadcrumb","itemListElement":[{"@type":"ListItem","position":1,"name":"Home","item":"https:\/\/www.apros.it\/fr\/"},{"@type":"ListItem","position":2,"name":"Produits","item":"https:\/\/www.apros.it\/prodotti\/"},{"@type":"ListItem","position":3,"name":"Plasti TWO"}]},{"@type":"WebSite","@id":"https:\/\/www.apros.it\/fr\/#website","url":"https:\/\/www.apros.it\/fr\/","name":"Apros : conduits de chemin\u00e9e, accessoires de conduits de chemin\u00e9e, tuyaux peints pour po\u00eales \u00e0 bois et \u00e0 granul\u00e9s","description":"","potentialAction":[{"@type":"SearchAction","target":{"@type":"EntryPoint","urlTemplate":"https:\/\/www.apros.it\/fr\/?s={search_term_string}"},"query-input":{"@type":"PropertyValueSpecification","valueRequired":true,"valueName":"search_term_string"}}],"inLanguage":"fr-FR"}]}},"_links":{"self":[{"href":"https:\/\/www.apros.it\/fr\/wp-json\/wp\/v2\/product\/10159","targetHints":{"allow":["GET"]}}],"collection":[{"href":"https:\/\/www.apros.it\/fr\/wp-json\/wp\/v2\/product"}],"about":[{"href":"https:\/\/www.apros.it\/fr\/wp-json\/wp\/v2\/types\/product"}],"wp:featuredmedia":[{"embeddable":true,"href":"https:\/\/www.apros.it\/fr\/wp-json\/wp\/v2\/media\/10160"}],"wp:attachment":[{"href":"https:\/\/www.apros.it\/fr\/wp-json\/wp\/v2\/media?parent=10159"}],"wp:term":[{"taxonomy":"product_cat","embeddable":true,"href":"https:\/\/www.apros.it\/fr\/wp-json\/wp\/v2\/product_cat?post=10159"},{"taxonomy":"product_tag","embeddable":true,"href":"https:\/\/www.apros.it\/fr\/wp-json\/wp\/v2\/product_tag?post=10159"}],"curies":[{"name":"wp","href":"https:\/\/api.w.org\/{rel}","templated":true}]}}