{"id":10157,"date":"2023-07-02T15:06:40","date_gmt":"2023-07-02T13:06:40","guid":{"rendered":"https:\/\/www.apros.it\/prodotti\/non%20class\u00e9\/unix-g-zero\/"},"modified":"2025-07-17T16:39:15","modified_gmt":"2025-07-17T14:39:15","slug":"unix-g-zero","status":"publish","type":"product","link":"https:\/\/www.apros.it\/fr\/produits\/raccords-pour-paroi-et-toitures-en-bois\/unix-g-zero\/","title":{"rendered":"Unix G Zero"},"content":{"rendered":"<p><strong>T450-N1-W-V2-L50050-G00<\/strong><\/p>\n","protected":false},"excerpt":{"rendered":"<p><strong>Raccord universel pour toits r\u00e9alis\u00e9e avec la structure interne en acier inoxydable AISI 316L.<\/strong> La paroi interm\u00e9diaire et ext\u00e9rieure est en acier inoxydable AISI 304BA. Fibre isolante de derni\u00e8re g\u00e9n\u00e9ration avec tr\u00e8s haute r\u00e9sistance aux hautes temp\u00e9ratures, imperm\u00e9able et de longue dur\u00e9e. La rosace sup\u00e9rieure orientable avec un tapis de protection en fibre Biotex, celui inf\u00e9rieur est herm\u00e9tique. Ce raccord est certifi\u00e9 G ZERO = 0 mm de la paroi sensiblee. Rapide \u00e0 installer gr\u00e2ce au syst\u00e8me de r\u00e9glage de la hauteur et de l&rsquo;inclinaison de 0 \u00e0 45 degr\u00e9s \u00e9liminant ainsi le besoin d\u2019inspections pr\u00e9alables. La rosace inf\u00e9rieure est herm\u00e9tique, ce qui le rend adapt\u00e9 \u00e0 une installation dans des maisons passives. Dimensions tr\u00e8s r\u00e9duites permettant d&rsquo;effectuer un trou de petite taille dans le toit.<\/p>\n<p><strong>La gamme se compose de 56 produits<\/strong> dont chacun est disponible avec un diam\u00e8tre de 80 \u00e0 250 mm (300 mm sur demande). Quatre finitions: noir mat, gris, inox, couleur cuivre.<\/p>\n","protected":false},"featured_media":10158,"template":"","meta":{"_acf_changed":false},"product_cat":[151],"product_tag":[],"class_list":["post-10157","product","type-product","status-publish","has-post-thumbnail","hentry","product_cat-raccords-pour-paroi-et-toitures-en-bois"],"acf":[],"yoast_head":"<!-- This site is optimized with the Yoast SEO plugin v27.3 - https:\/\/yoast.com\/product\/yoast-seo-wordpress\/ -->\n<title>Unix G Zero - Apros : conduits de chemin\u00e9e, accessoires de conduits de chemin\u00e9e, tuyaux peints pour po\u00eales \u00e0 bois et \u00e0 granul\u00e9s<\/title>\n<meta name=\"robots\" content=\"index, follow, max-snippet:-1, max-image-preview:large, max-video-preview:-1\" \/>\n<link rel=\"canonical\" href=\"https:\/\/www.apros.it\/fr\/produits\/raccords-pour-paroi-et-toitures-en-bois\/unix-g-zero\/\" \/>\n<meta property=\"og:locale\" content=\"fr_FR\" \/>\n<meta property=\"og:type\" content=\"article\" \/>\n<meta property=\"og:title\" content=\"Unix G Zero - Apros : conduits de chemin\u00e9e, accessoires de conduits de chemin\u00e9e, tuyaux peints pour po\u00eales \u00e0 bois et \u00e0 granul\u00e9s\" \/>\n<meta property=\"og:description\" content=\"Raccord universel pour toits r\u00e9alis\u00e9e avec la structure interne en acier inoxydable AISI 316L. La paroi interm\u00e9diaire et ext\u00e9rieure est en acier inoxydable AISI 304BA. Fibre isolante de derni\u00e8re g\u00e9n\u00e9ration avec tr\u00e8s haute r\u00e9sistance aux hautes temp\u00e9ratures, imperm\u00e9able et de longue dur\u00e9e. La rosace sup\u00e9rieure orientable avec un tapis de protection en fibre Biotex, celui inf\u00e9rieur est herm\u00e9tique. Ce raccord est certifi\u00e9 G ZERO = 0 mm de la paroi sensiblee. Rapide \u00e0 installer gr\u00e2ce au syst\u00e8me de r\u00e9glage de la hauteur et de l&#039;inclinaison de 0 \u00e0 45 degr\u00e9s \u00e9liminant ainsi le besoin d\u2019inspections pr\u00e9alables. La rosace inf\u00e9rieure est herm\u00e9tique, ce qui le rend adapt\u00e9 \u00e0 une installation dans des maisons passives. Dimensions tr\u00e8s r\u00e9duites permettant d&#039;effectuer un trou de petite taille dans le toit.  La gamme se compose de 56 produits dont chacun est disponible avec un diam\u00e8tre de 80 \u00e0 250 mm (300 mm sur demande). Quatre finitions: noir mat, gris, inox, couleur cuivre.\" \/>\n<meta property=\"og:url\" content=\"https:\/\/www.apros.it\/fr\/produits\/raccords-pour-paroi-et-toitures-en-bois\/unix-g-zero\/\" \/>\n<meta property=\"og:site_name\" content=\"Apros : conduits de chemin\u00e9e, accessoires de conduits de chemin\u00e9e, tuyaux peints pour po\u00eales \u00e0 bois et \u00e0 granul\u00e9s\" \/>\n<meta property=\"article:modified_time\" content=\"2025-07-17T14:39:15+00:00\" \/>\n<meta property=\"og:image\" content=\"https:\/\/www.apros.it\/wp-content\/uploads\/2023\/07\/linea-Unix-G-Zero.jpg\" \/>\n\t<meta property=\"og:image:width\" content=\"800\" \/>\n\t<meta property=\"og:image:height\" content=\"876\" \/>\n\t<meta property=\"og:image:type\" content=\"image\/jpeg\" \/>\n<meta name=\"twitter:card\" content=\"summary_large_image\" \/>\n<script type=\"application\/ld+json\" class=\"yoast-schema-graph\">{\"@context\":\"https:\\\/\\\/schema.org\",\"@graph\":[{\"@type\":\"WebPage\",\"@id\":\"https:\\\/\\\/www.apros.it\\\/fr\\\/produits\\\/raccords-pour-paroi-et-toitures-en-bois\\\/unix-g-zero\\\/\",\"url\":\"https:\\\/\\\/www.apros.it\\\/fr\\\/produits\\\/raccords-pour-paroi-et-toitures-en-bois\\\/unix-g-zero\\\/\",\"name\":\"Unix G Zero - Apros : conduits de chemin\u00e9e, accessoires de conduits de chemin\u00e9e, tuyaux peints pour po\u00eales \u00e0 bois et \u00e0 granul\u00e9s\",\"isPartOf\":{\"@id\":\"https:\\\/\\\/www.apros.it\\\/fr\\\/#website\"},\"primaryImageOfPage\":{\"@id\":\"https:\\\/\\\/www.apros.it\\\/fr\\\/produits\\\/raccords-pour-paroi-et-toitures-en-bois\\\/unix-g-zero\\\/#primaryimage\"},\"image\":{\"@id\":\"https:\\\/\\\/www.apros.it\\\/fr\\\/produits\\\/raccords-pour-paroi-et-toitures-en-bois\\\/unix-g-zero\\\/#primaryimage\"},\"thumbnailUrl\":\"https:\\\/\\\/www.apros.it\\\/wp-content\\\/uploads\\\/2023\\\/07\\\/linea-Unix-G-Zero.jpg\",\"datePublished\":\"2023-07-02T13:06:40+00:00\",\"dateModified\":\"2025-07-17T14:39:15+00:00\",\"breadcrumb\":{\"@id\":\"https:\\\/\\\/www.apros.it\\\/fr\\\/produits\\\/raccords-pour-paroi-et-toitures-en-bois\\\/unix-g-zero\\\/#breadcrumb\"},\"inLanguage\":\"fr-FR\",\"potentialAction\":[{\"@type\":\"ReadAction\",\"target\":[\"https:\\\/\\\/www.apros.it\\\/fr\\\/produits\\\/raccords-pour-paroi-et-toitures-en-bois\\\/unix-g-zero\\\/\"]}]},{\"@type\":\"ImageObject\",\"inLanguage\":\"fr-FR\",\"@id\":\"https:\\\/\\\/www.apros.it\\\/fr\\\/produits\\\/raccords-pour-paroi-et-toitures-en-bois\\\/unix-g-zero\\\/#primaryimage\",\"url\":\"https:\\\/\\\/www.apros.it\\\/wp-content\\\/uploads\\\/2023\\\/07\\\/linea-Unix-G-Zero.jpg\",\"contentUrl\":\"https:\\\/\\\/www.apros.it\\\/wp-content\\\/uploads\\\/2023\\\/07\\\/linea-Unix-G-Zero.jpg\",\"width\":800,\"height\":876},{\"@type\":\"BreadcrumbList\",\"@id\":\"https:\\\/\\\/www.apros.it\\\/fr\\\/produits\\\/raccords-pour-paroi-et-toitures-en-bois\\\/unix-g-zero\\\/#breadcrumb\",\"itemListElement\":[{\"@type\":\"ListItem\",\"position\":1,\"name\":\"Home\",\"item\":\"https:\\\/\\\/www.apros.it\\\/fr\\\/\"},{\"@type\":\"ListItem\",\"position\":2,\"name\":\"Produits\",\"item\":\"https:\\\/\\\/www.apros.it\\\/prodotti\\\/\"},{\"@type\":\"ListItem\",\"position\":3,\"name\":\"Unix G Zero\"}]},{\"@type\":\"WebSite\",\"@id\":\"https:\\\/\\\/www.apros.it\\\/fr\\\/#website\",\"url\":\"https:\\\/\\\/www.apros.it\\\/fr\\\/\",\"name\":\"Apros : conduits de chemin\u00e9e, accessoires de conduits de chemin\u00e9e, tuyaux peints pour po\u00eales \u00e0 bois et \u00e0 granul\u00e9s\",\"description\":\"\",\"potentialAction\":[{\"@type\":\"SearchAction\",\"target\":{\"@type\":\"EntryPoint\",\"urlTemplate\":\"https:\\\/\\\/www.apros.it\\\/fr\\\/?s={search_term_string}\"},\"query-input\":{\"@type\":\"PropertyValueSpecification\",\"valueRequired\":true,\"valueName\":\"search_term_string\"}}],\"inLanguage\":\"fr-FR\"}]}<\/script>\n<!-- \/ Yoast SEO plugin. -->","yoast_head_json":{"title":"Unix G Zero - Apros : conduits de chemin\u00e9e, accessoires de conduits de chemin\u00e9e, tuyaux peints pour po\u00eales \u00e0 bois et \u00e0 granul\u00e9s","robots":{"index":"index","follow":"follow","max-snippet":"max-snippet:-1","max-image-preview":"max-image-preview:large","max-video-preview":"max-video-preview:-1"},"canonical":"https:\/\/www.apros.it\/fr\/produits\/raccords-pour-paroi-et-toitures-en-bois\/unix-g-zero\/","og_locale":"fr_FR","og_type":"article","og_title":"Unix G Zero - Apros : conduits de chemin\u00e9e, accessoires de conduits de chemin\u00e9e, tuyaux peints pour po\u00eales \u00e0 bois et \u00e0 granul\u00e9s","og_description":"Raccord universel pour toits r\u00e9alis\u00e9e avec la structure interne en acier inoxydable AISI 316L. La paroi interm\u00e9diaire et ext\u00e9rieure est en acier inoxydable AISI 304BA. Fibre isolante de derni\u00e8re g\u00e9n\u00e9ration avec tr\u00e8s haute r\u00e9sistance aux hautes temp\u00e9ratures, imperm\u00e9able et de longue dur\u00e9e. La rosace sup\u00e9rieure orientable avec un tapis de protection en fibre Biotex, celui inf\u00e9rieur est herm\u00e9tique. Ce raccord est certifi\u00e9 G ZERO = 0 mm de la paroi sensiblee. Rapide \u00e0 installer gr\u00e2ce au syst\u00e8me de r\u00e9glage de la hauteur et de l'inclinaison de 0 \u00e0 45 degr\u00e9s \u00e9liminant ainsi le besoin d\u2019inspections pr\u00e9alables. La rosace inf\u00e9rieure est herm\u00e9tique, ce qui le rend adapt\u00e9 \u00e0 une installation dans des maisons passives. Dimensions tr\u00e8s r\u00e9duites permettant d'effectuer un trou de petite taille dans le toit.  La gamme se compose de 56 produits dont chacun est disponible avec un diam\u00e8tre de 80 \u00e0 250 mm (300 mm sur demande). Quatre finitions: noir mat, gris, inox, couleur cuivre.","og_url":"https:\/\/www.apros.it\/fr\/produits\/raccords-pour-paroi-et-toitures-en-bois\/unix-g-zero\/","og_site_name":"Apros : conduits de chemin\u00e9e, accessoires de conduits de chemin\u00e9e, tuyaux peints pour po\u00eales \u00e0 bois et \u00e0 granul\u00e9s","article_modified_time":"2025-07-17T14:39:15+00:00","og_image":[{"width":800,"height":876,"url":"https:\/\/www.apros.it\/wp-content\/uploads\/2023\/07\/linea-Unix-G-Zero.jpg","type":"image\/jpeg"}],"twitter_card":"summary_large_image","schema":{"@context":"https:\/\/schema.org","@graph":[{"@type":"WebPage","@id":"https:\/\/www.apros.it\/fr\/produits\/raccords-pour-paroi-et-toitures-en-bois\/unix-g-zero\/","url":"https:\/\/www.apros.it\/fr\/produits\/raccords-pour-paroi-et-toitures-en-bois\/unix-g-zero\/","name":"Unix G Zero - Apros : conduits de chemin\u00e9e, accessoires de conduits de chemin\u00e9e, tuyaux peints pour po\u00eales \u00e0 bois et \u00e0 granul\u00e9s","isPartOf":{"@id":"https:\/\/www.apros.it\/fr\/#website"},"primaryImageOfPage":{"@id":"https:\/\/www.apros.it\/fr\/produits\/raccords-pour-paroi-et-toitures-en-bois\/unix-g-zero\/#primaryimage"},"image":{"@id":"https:\/\/www.apros.it\/fr\/produits\/raccords-pour-paroi-et-toitures-en-bois\/unix-g-zero\/#primaryimage"},"thumbnailUrl":"https:\/\/www.apros.it\/wp-content\/uploads\/2023\/07\/linea-Unix-G-Zero.jpg","datePublished":"2023-07-02T13:06:40+00:00","dateModified":"2025-07-17T14:39:15+00:00","breadcrumb":{"@id":"https:\/\/www.apros.it\/fr\/produits\/raccords-pour-paroi-et-toitures-en-bois\/unix-g-zero\/#breadcrumb"},"inLanguage":"fr-FR","potentialAction":[{"@type":"ReadAction","target":["https:\/\/www.apros.it\/fr\/produits\/raccords-pour-paroi-et-toitures-en-bois\/unix-g-zero\/"]}]},{"@type":"ImageObject","inLanguage":"fr-FR","@id":"https:\/\/www.apros.it\/fr\/produits\/raccords-pour-paroi-et-toitures-en-bois\/unix-g-zero\/#primaryimage","url":"https:\/\/www.apros.it\/wp-content\/uploads\/2023\/07\/linea-Unix-G-Zero.jpg","contentUrl":"https:\/\/www.apros.it\/wp-content\/uploads\/2023\/07\/linea-Unix-G-Zero.jpg","width":800,"height":876},{"@type":"BreadcrumbList","@id":"https:\/\/www.apros.it\/fr\/produits\/raccords-pour-paroi-et-toitures-en-bois\/unix-g-zero\/#breadcrumb","itemListElement":[{"@type":"ListItem","position":1,"name":"Home","item":"https:\/\/www.apros.it\/fr\/"},{"@type":"ListItem","position":2,"name":"Produits","item":"https:\/\/www.apros.it\/prodotti\/"},{"@type":"ListItem","position":3,"name":"Unix G Zero"}]},{"@type":"WebSite","@id":"https:\/\/www.apros.it\/fr\/#website","url":"https:\/\/www.apros.it\/fr\/","name":"Apros : conduits de chemin\u00e9e, accessoires de conduits de chemin\u00e9e, tuyaux peints pour po\u00eales \u00e0 bois et \u00e0 granul\u00e9s","description":"","potentialAction":[{"@type":"SearchAction","target":{"@type":"EntryPoint","urlTemplate":"https:\/\/www.apros.it\/fr\/?s={search_term_string}"},"query-input":{"@type":"PropertyValueSpecification","valueRequired":true,"valueName":"search_term_string"}}],"inLanguage":"fr-FR"}]}},"_links":{"self":[{"href":"https:\/\/www.apros.it\/fr\/wp-json\/wp\/v2\/product\/10157","targetHints":{"allow":["GET"]}}],"collection":[{"href":"https:\/\/www.apros.it\/fr\/wp-json\/wp\/v2\/product"}],"about":[{"href":"https:\/\/www.apros.it\/fr\/wp-json\/wp\/v2\/types\/product"}],"wp:featuredmedia":[{"embeddable":true,"href":"https:\/\/www.apros.it\/fr\/wp-json\/wp\/v2\/media\/10158"}],"wp:attachment":[{"href":"https:\/\/www.apros.it\/fr\/wp-json\/wp\/v2\/media?parent=10157"}],"wp:term":[{"taxonomy":"product_cat","embeddable":true,"href":"https:\/\/www.apros.it\/fr\/wp-json\/wp\/v2\/product_cat?post=10157"},{"taxonomy":"product_tag","embeddable":true,"href":"https:\/\/www.apros.it\/fr\/wp-json\/wp\/v2\/product_tag?post=10157"}],"curies":[{"name":"wp","href":"https:\/\/api.w.org\/{rel}","templated":true}]}}