{"id":10155,"date":"2023-07-02T15:15:01","date_gmt":"2023-07-02T13:15:01","guid":{"rendered":"https:\/\/www.apros.it\/prodotti\/non%20class\u00e9\/smart-g-zero\/"},"modified":"2025-07-17T16:38:47","modified_gmt":"2025-07-17T14:38:47","slug":"smart-g-zero","status":"publish","type":"product","link":"https:\/\/www.apros.it\/fr\/produits\/raccords-pour-paroi-et-toitures-en-bois\/smart-g-zero\/","title":{"rendered":"Smart G Zero"},"content":{"rendered":"<p><strong>T450-N1-W-V2-L50050-G00<\/strong><\/p>\n","protected":false},"excerpt":{"rendered":"<p><strong>Raccord universel pour toitures en bois compos\u00e9e<\/strong> de paroi interne en acier inoxydable AISI 316L et paroi interm\u00e9diaire et ext\u00e9rieure en acier inoxydable AISI 304 BA. C&rsquo;est isol\u00e9 avec une isolation en laine de roche haute densit\u00e9 et \u00e9quip\u00e9 de deux brides de support et de r\u00e9glage adaptables \u00e0 la pente du toit (rosace et brides de finition sur demande). Ce raccord est certifi\u00e9 G ZERO = 0 mm de la paroi sensible il est rapide \u00e0 installer gr\u00e2ce au syst\u00e8me de r\u00e9glage en hauteur et en inclinaison de 0\u00b0 \u00e0 45\u00b0 compl\u00e8tement herm\u00e9tique.<\/p>\n<p><strong>La gamme se compose de 75 produits<\/strong> dont chacun est disponible avec un diam\u00e8tre de 80 \u00e0 250 mm. Il y a 3 finitions : noir mat, inox couleur cuivre.<\/p>\n","protected":false},"featured_media":11834,"template":"","meta":{"_acf_changed":false},"product_cat":[151],"product_tag":[],"class_list":["post-10155","product","type-product","status-publish","has-post-thumbnail","hentry","product_cat-raccords-pour-paroi-et-toitures-en-bois"],"acf":[],"yoast_head":"<!-- This site is optimized with the Yoast SEO plugin v27.6 - https:\/\/yoast.com\/product\/yoast-seo-wordpress\/ -->\n<title>Smart G Zero - Apros : conduits de chemin\u00e9e, accessoires de conduits de chemin\u00e9e, tuyaux peints pour po\u00eales \u00e0 bois et \u00e0 granul\u00e9s<\/title>\n<meta name=\"robots\" content=\"index, follow, max-snippet:-1, max-image-preview:large, max-video-preview:-1\" \/>\n<link rel=\"canonical\" href=\"https:\/\/www.apros.it\/fr\/produits\/raccords-pour-paroi-et-toitures-en-bois\/smart-g-zero\/\" \/>\n<meta property=\"og:locale\" content=\"fr_FR\" \/>\n<meta property=\"og:type\" content=\"article\" \/>\n<meta property=\"og:title\" content=\"Smart G Zero - Apros : conduits de chemin\u00e9e, accessoires de conduits de chemin\u00e9e, tuyaux peints pour po\u00eales \u00e0 bois et \u00e0 granul\u00e9s\" \/>\n<meta property=\"og:description\" content=\"Raccord universel pour toitures en bois compos\u00e9e de paroi interne en acier inoxydable AISI 316L et paroi interm\u00e9diaire et ext\u00e9rieure en acier inoxydable AISI 304 BA. C&#039;est isol\u00e9 avec une isolation en laine de roche haute densit\u00e9 et \u00e9quip\u00e9 de deux brides de support et de r\u00e9glage adaptables \u00e0 la pente du toit (rosace et brides de finition sur demande). Ce raccord est certifi\u00e9 G ZERO = 0 mm de la paroi sensible il est rapide \u00e0 installer gr\u00e2ce au syst\u00e8me de r\u00e9glage en hauteur et en inclinaison de 0\u00b0 \u00e0 45\u00b0 compl\u00e8tement herm\u00e9tique.  La gamme se compose de 75 produits dont chacun est disponible avec un diam\u00e8tre de 80 \u00e0 250 mm. Il y a 3 finitions : noir mat, inox couleur cuivre.\" \/>\n<meta property=\"og:url\" content=\"https:\/\/www.apros.it\/fr\/produits\/raccords-pour-paroi-et-toitures-en-bois\/smart-g-zero\/\" \/>\n<meta property=\"og:site_name\" content=\"Apros : conduits de chemin\u00e9e, accessoires de conduits de chemin\u00e9e, tuyaux peints pour po\u00eales \u00e0 bois et \u00e0 granul\u00e9s\" \/>\n<meta property=\"article:modified_time\" content=\"2025-07-17T14:38:47+00:00\" \/>\n<meta property=\"og:image\" content=\"https:\/\/www.apros.it\/wp-content\/uploads\/2023\/07\/linea-Smart-G-Zero.jpg\" \/>\n\t<meta property=\"og:image:width\" content=\"800\" \/>\n\t<meta property=\"og:image:height\" content=\"876\" \/>\n\t<meta property=\"og:image:type\" content=\"image\/jpeg\" \/>\n<meta name=\"twitter:card\" content=\"summary_large_image\" \/>\n<script type=\"application\/ld+json\" class=\"yoast-schema-graph\">{\"@context\":\"https:\\\/\\\/schema.org\",\"@graph\":[{\"@type\":\"WebPage\",\"@id\":\"https:\\\/\\\/www.apros.it\\\/fr\\\/produits\\\/raccords-pour-paroi-et-toitures-en-bois\\\/smart-g-zero\\\/\",\"url\":\"https:\\\/\\\/www.apros.it\\\/fr\\\/produits\\\/raccords-pour-paroi-et-toitures-en-bois\\\/smart-g-zero\\\/\",\"name\":\"Smart G Zero - Apros : conduits de chemin\u00e9e, accessoires de conduits de chemin\u00e9e, tuyaux peints pour po\u00eales \u00e0 bois et \u00e0 granul\u00e9s\",\"isPartOf\":{\"@id\":\"https:\\\/\\\/www.apros.it\\\/fr\\\/#website\"},\"primaryImageOfPage\":{\"@id\":\"https:\\\/\\\/www.apros.it\\\/fr\\\/produits\\\/raccords-pour-paroi-et-toitures-en-bois\\\/smart-g-zero\\\/#primaryimage\"},\"image\":{\"@id\":\"https:\\\/\\\/www.apros.it\\\/fr\\\/produits\\\/raccords-pour-paroi-et-toitures-en-bois\\\/smart-g-zero\\\/#primaryimage\"},\"thumbnailUrl\":\"https:\\\/\\\/www.apros.it\\\/wp-content\\\/uploads\\\/2023\\\/07\\\/linea-Smart-G-Zero-1.jpg\",\"datePublished\":\"2023-07-02T13:15:01+00:00\",\"dateModified\":\"2025-07-17T14:38:47+00:00\",\"breadcrumb\":{\"@id\":\"https:\\\/\\\/www.apros.it\\\/fr\\\/produits\\\/raccords-pour-paroi-et-toitures-en-bois\\\/smart-g-zero\\\/#breadcrumb\"},\"inLanguage\":\"fr-FR\",\"potentialAction\":[{\"@type\":\"ReadAction\",\"target\":[\"https:\\\/\\\/www.apros.it\\\/fr\\\/produits\\\/raccords-pour-paroi-et-toitures-en-bois\\\/smart-g-zero\\\/\"]}]},{\"@type\":\"ImageObject\",\"inLanguage\":\"fr-FR\",\"@id\":\"https:\\\/\\\/www.apros.it\\\/fr\\\/produits\\\/raccords-pour-paroi-et-toitures-en-bois\\\/smart-g-zero\\\/#primaryimage\",\"url\":\"https:\\\/\\\/www.apros.it\\\/wp-content\\\/uploads\\\/2023\\\/07\\\/linea-Smart-G-Zero-1.jpg\",\"contentUrl\":\"https:\\\/\\\/www.apros.it\\\/wp-content\\\/uploads\\\/2023\\\/07\\\/linea-Smart-G-Zero-1.jpg\",\"width\":800,\"height\":876},{\"@type\":\"BreadcrumbList\",\"@id\":\"https:\\\/\\\/www.apros.it\\\/fr\\\/produits\\\/raccords-pour-paroi-et-toitures-en-bois\\\/smart-g-zero\\\/#breadcrumb\",\"itemListElement\":[{\"@type\":\"ListItem\",\"position\":1,\"name\":\"Home\",\"item\":\"https:\\\/\\\/www.apros.it\\\/fr\\\/\"},{\"@type\":\"ListItem\",\"position\":2,\"name\":\"Produits\",\"item\":\"https:\\\/\\\/www.apros.it\\\/prodotti\\\/\"},{\"@type\":\"ListItem\",\"position\":3,\"name\":\"Smart G Zero\"}]},{\"@type\":\"WebSite\",\"@id\":\"https:\\\/\\\/www.apros.it\\\/fr\\\/#website\",\"url\":\"https:\\\/\\\/www.apros.it\\\/fr\\\/\",\"name\":\"Apros : conduits de chemin\u00e9e, accessoires de conduits de chemin\u00e9e, tuyaux peints pour po\u00eales \u00e0 bois et \u00e0 granul\u00e9s\",\"description\":\"\",\"potentialAction\":[{\"@type\":\"SearchAction\",\"target\":{\"@type\":\"EntryPoint\",\"urlTemplate\":\"https:\\\/\\\/www.apros.it\\\/fr\\\/?s={search_term_string}\"},\"query-input\":{\"@type\":\"PropertyValueSpecification\",\"valueRequired\":true,\"valueName\":\"search_term_string\"}}],\"inLanguage\":\"fr-FR\"}]}<\/script>\n<!-- \/ Yoast SEO plugin. -->","yoast_head_json":{"title":"Smart G Zero - Apros : conduits de chemin\u00e9e, accessoires de conduits de chemin\u00e9e, tuyaux peints pour po\u00eales \u00e0 bois et \u00e0 granul\u00e9s","robots":{"index":"index","follow":"follow","max-snippet":"max-snippet:-1","max-image-preview":"max-image-preview:large","max-video-preview":"max-video-preview:-1"},"canonical":"https:\/\/www.apros.it\/fr\/produits\/raccords-pour-paroi-et-toitures-en-bois\/smart-g-zero\/","og_locale":"fr_FR","og_type":"article","og_title":"Smart G Zero - Apros : conduits de chemin\u00e9e, accessoires de conduits de chemin\u00e9e, tuyaux peints pour po\u00eales \u00e0 bois et \u00e0 granul\u00e9s","og_description":"Raccord universel pour toitures en bois compos\u00e9e de paroi interne en acier inoxydable AISI 316L et paroi interm\u00e9diaire et ext\u00e9rieure en acier inoxydable AISI 304 BA. C'est isol\u00e9 avec une isolation en laine de roche haute densit\u00e9 et \u00e9quip\u00e9 de deux brides de support et de r\u00e9glage adaptables \u00e0 la pente du toit (rosace et brides de finition sur demande). Ce raccord est certifi\u00e9 G ZERO = 0 mm de la paroi sensible il est rapide \u00e0 installer gr\u00e2ce au syst\u00e8me de r\u00e9glage en hauteur et en inclinaison de 0\u00b0 \u00e0 45\u00b0 compl\u00e8tement herm\u00e9tique.  La gamme se compose de 75 produits dont chacun est disponible avec un diam\u00e8tre de 80 \u00e0 250 mm. Il y a 3 finitions : noir mat, inox couleur cuivre.","og_url":"https:\/\/www.apros.it\/fr\/produits\/raccords-pour-paroi-et-toitures-en-bois\/smart-g-zero\/","og_site_name":"Apros : conduits de chemin\u00e9e, accessoires de conduits de chemin\u00e9e, tuyaux peints pour po\u00eales \u00e0 bois et \u00e0 granul\u00e9s","article_modified_time":"2025-07-17T14:38:47+00:00","og_image":[{"width":800,"height":876,"url":"https:\/\/www.apros.it\/wp-content\/uploads\/2023\/07\/linea-Smart-G-Zero.jpg","type":"image\/jpeg"}],"twitter_card":"summary_large_image","schema":{"@context":"https:\/\/schema.org","@graph":[{"@type":"WebPage","@id":"https:\/\/www.apros.it\/fr\/produits\/raccords-pour-paroi-et-toitures-en-bois\/smart-g-zero\/","url":"https:\/\/www.apros.it\/fr\/produits\/raccords-pour-paroi-et-toitures-en-bois\/smart-g-zero\/","name":"Smart G Zero - Apros : conduits de chemin\u00e9e, accessoires de conduits de chemin\u00e9e, tuyaux peints pour po\u00eales \u00e0 bois et \u00e0 granul\u00e9s","isPartOf":{"@id":"https:\/\/www.apros.it\/fr\/#website"},"primaryImageOfPage":{"@id":"https:\/\/www.apros.it\/fr\/produits\/raccords-pour-paroi-et-toitures-en-bois\/smart-g-zero\/#primaryimage"},"image":{"@id":"https:\/\/www.apros.it\/fr\/produits\/raccords-pour-paroi-et-toitures-en-bois\/smart-g-zero\/#primaryimage"},"thumbnailUrl":"https:\/\/www.apros.it\/wp-content\/uploads\/2023\/07\/linea-Smart-G-Zero-1.jpg","datePublished":"2023-07-02T13:15:01+00:00","dateModified":"2025-07-17T14:38:47+00:00","breadcrumb":{"@id":"https:\/\/www.apros.it\/fr\/produits\/raccords-pour-paroi-et-toitures-en-bois\/smart-g-zero\/#breadcrumb"},"inLanguage":"fr-FR","potentialAction":[{"@type":"ReadAction","target":["https:\/\/www.apros.it\/fr\/produits\/raccords-pour-paroi-et-toitures-en-bois\/smart-g-zero\/"]}]},{"@type":"ImageObject","inLanguage":"fr-FR","@id":"https:\/\/www.apros.it\/fr\/produits\/raccords-pour-paroi-et-toitures-en-bois\/smart-g-zero\/#primaryimage","url":"https:\/\/www.apros.it\/wp-content\/uploads\/2023\/07\/linea-Smart-G-Zero-1.jpg","contentUrl":"https:\/\/www.apros.it\/wp-content\/uploads\/2023\/07\/linea-Smart-G-Zero-1.jpg","width":800,"height":876},{"@type":"BreadcrumbList","@id":"https:\/\/www.apros.it\/fr\/produits\/raccords-pour-paroi-et-toitures-en-bois\/smart-g-zero\/#breadcrumb","itemListElement":[{"@type":"ListItem","position":1,"name":"Home","item":"https:\/\/www.apros.it\/fr\/"},{"@type":"ListItem","position":2,"name":"Produits","item":"https:\/\/www.apros.it\/prodotti\/"},{"@type":"ListItem","position":3,"name":"Smart G Zero"}]},{"@type":"WebSite","@id":"https:\/\/www.apros.it\/fr\/#website","url":"https:\/\/www.apros.it\/fr\/","name":"Apros : conduits de chemin\u00e9e, accessoires de conduits de chemin\u00e9e, tuyaux peints pour po\u00eales \u00e0 bois et \u00e0 granul\u00e9s","description":"","potentialAction":[{"@type":"SearchAction","target":{"@type":"EntryPoint","urlTemplate":"https:\/\/www.apros.it\/fr\/?s={search_term_string}"},"query-input":{"@type":"PropertyValueSpecification","valueRequired":true,"valueName":"search_term_string"}}],"inLanguage":"fr-FR"}]}},"_links":{"self":[{"href":"https:\/\/www.apros.it\/fr\/wp-json\/wp\/v2\/product\/10155","targetHints":{"allow":["GET"]}}],"collection":[{"href":"https:\/\/www.apros.it\/fr\/wp-json\/wp\/v2\/product"}],"about":[{"href":"https:\/\/www.apros.it\/fr\/wp-json\/wp\/v2\/types\/product"}],"wp:featuredmedia":[{"embeddable":true,"href":"https:\/\/www.apros.it\/fr\/wp-json\/wp\/v2\/media\/11834"}],"wp:attachment":[{"href":"https:\/\/www.apros.it\/fr\/wp-json\/wp\/v2\/media?parent=10155"}],"wp:term":[{"taxonomy":"product_cat","embeddable":true,"href":"https:\/\/www.apros.it\/fr\/wp-json\/wp\/v2\/product_cat?post=10155"},{"taxonomy":"product_tag","embeddable":true,"href":"https:\/\/www.apros.it\/fr\/wp-json\/wp\/v2\/product_tag?post=10155"}],"curies":[{"name":"wp","href":"https:\/\/api.w.org\/{rel}","templated":true}]}}