{"id":10153,"date":"2023-07-02T15:17:08","date_gmt":"2023-07-02T13:17:08","guid":{"rendered":"https:\/\/www.apros.it\/prodotti\/non%20class\u00e9\/unix\/"},"modified":"2025-07-17T16:39:01","modified_gmt":"2025-07-17T14:39:01","slug":"unix","status":"publish","type":"product","link":"https:\/\/www.apros.it\/fr\/produits\/raccords-pour-paroi-et-toitures-en-bois\/unix\/","title":{"rendered":"Unix"},"content":{"rendered":"<p><strong>T400-N1-D-V2-L50050-G20<\/strong><\/p>\n","protected":false},"excerpt":{"rendered":"<p><strong>Raccord universel pour toits en bois<\/strong> compos\u00e9 de paroi interne en acier inoxydable AISI 316L et paroi interm\u00e9diaire et ext\u00e9rieure en acier inoxydable AISI 304 BA. Il a une triple isolation form\u00e9e dans la partie la plus interne par une lame d\u2019air d\u2019environ 5 mm, coupelle en laine de roche de 50 mm, lame d\u2019air suppl\u00e9mentaire d\u2019environ 20 mm. \u00c9quip\u00e9 d\u2019une rosace sup\u00e9rieure orientable avec un tapis de protection en fibre Biotex et d\u2019une rosace inf\u00e9rieure. Unix est certifi\u00e9 G20 = 20 mm de la paroi sensible permet un montage rapide sur des toitures avec une inclinaison de 0\u00b0 \u00e0 30\u00b0 (pour des inclinaisons plus importantes, kit sp\u00e9cifique sur demande). Ses dimensions ext\u00e9rieures sont contenues, permettant ainsi de faire un tout petit trou dans le toit prot\u00e8ge les toits en bois et les isole des hautes temp\u00e9ratures.<\/p>\n<p><strong>La gamme se compose de 28 produits<\/strong> dont chacun est disponible avec un diam\u00e8tre de 80 \u00e0 250 mm. Il y a 4 finitions\u00a0: noir mat, gris, inox, couleur cuivre. \u00ab\u00a0<\/p>\n","protected":false},"featured_media":10154,"template":"","meta":{"_acf_changed":false},"product_cat":[151],"product_tag":[],"class_list":["post-10153","product","type-product","status-publish","has-post-thumbnail","hentry","product_cat-raccords-pour-paroi-et-toitures-en-bois"],"acf":[],"yoast_head":"<!-- This site is optimized with the Yoast SEO plugin v27.6 - https:\/\/yoast.com\/product\/yoast-seo-wordpress\/ -->\n<title>Unix - Apros : conduits de chemin\u00e9e, accessoires de conduits de chemin\u00e9e, tuyaux peints pour po\u00eales \u00e0 bois et \u00e0 granul\u00e9s<\/title>\n<meta name=\"robots\" content=\"index, follow, max-snippet:-1, max-image-preview:large, max-video-preview:-1\" \/>\n<link rel=\"canonical\" href=\"https:\/\/www.apros.it\/fr\/produits\/raccords-pour-paroi-et-toitures-en-bois\/unix\/\" \/>\n<meta property=\"og:locale\" content=\"fr_FR\" \/>\n<meta property=\"og:type\" content=\"article\" \/>\n<meta property=\"og:title\" content=\"Unix - Apros : conduits de chemin\u00e9e, accessoires de conduits de chemin\u00e9e, tuyaux peints pour po\u00eales \u00e0 bois et \u00e0 granul\u00e9s\" \/>\n<meta property=\"og:description\" content=\"Raccord universel pour toits en bois compos\u00e9 de paroi interne en acier inoxydable AISI 316L et paroi interm\u00e9diaire et ext\u00e9rieure en acier inoxydable AISI 304 BA. Il a une triple isolation form\u00e9e dans la partie la plus interne par une lame d\u2019air d\u2019environ 5 mm, coupelle en laine de roche de 50 mm, lame d\u2019air suppl\u00e9mentaire d\u2019environ 20 mm. \u00c9quip\u00e9 d\u2019une rosace sup\u00e9rieure orientable avec un tapis de protection en fibre Biotex et d\u2019une rosace inf\u00e9rieure. Unix est certifi\u00e9 G20 = 20 mm de la paroi sensible permet un montage rapide sur des toitures avec une inclinaison de 0\u00b0 \u00e0 30\u00b0 (pour des inclinaisons plus importantes, kit sp\u00e9cifique sur demande). Ses dimensions ext\u00e9rieures sont contenues, permettant ainsi de faire un tout petit trou dans le toit prot\u00e8ge les toits en bois et les isole des hautes temp\u00e9ratures.  La gamme se compose de 28 produits dont chacun est disponible avec un diam\u00e8tre de 80 \u00e0 250 mm. Il y a 4 finitions\u00a0: noir mat, gris, inox, couleur cuivre. &quot;\" \/>\n<meta property=\"og:url\" content=\"https:\/\/www.apros.it\/fr\/produits\/raccords-pour-paroi-et-toitures-en-bois\/unix\/\" \/>\n<meta property=\"og:site_name\" content=\"Apros : conduits de chemin\u00e9e, accessoires de conduits de chemin\u00e9e, tuyaux peints pour po\u00eales \u00e0 bois et \u00e0 granul\u00e9s\" \/>\n<meta property=\"article:modified_time\" content=\"2025-07-17T14:39:01+00:00\" \/>\n<meta property=\"og:image\" content=\"https:\/\/www.apros.it\/wp-content\/uploads\/2023\/07\/linea-Unix.jpg\" \/>\n\t<meta property=\"og:image:width\" content=\"800\" \/>\n\t<meta property=\"og:image:height\" content=\"876\" \/>\n\t<meta property=\"og:image:type\" content=\"image\/jpeg\" \/>\n<meta name=\"twitter:card\" content=\"summary_large_image\" \/>\n<script type=\"application\/ld+json\" class=\"yoast-schema-graph\">{\"@context\":\"https:\\\/\\\/schema.org\",\"@graph\":[{\"@type\":\"WebPage\",\"@id\":\"https:\\\/\\\/www.apros.it\\\/fr\\\/produits\\\/raccords-pour-paroi-et-toitures-en-bois\\\/unix\\\/\",\"url\":\"https:\\\/\\\/www.apros.it\\\/fr\\\/produits\\\/raccords-pour-paroi-et-toitures-en-bois\\\/unix\\\/\",\"name\":\"Unix - Apros : conduits de chemin\u00e9e, accessoires de conduits de chemin\u00e9e, tuyaux peints pour po\u00eales \u00e0 bois et \u00e0 granul\u00e9s\",\"isPartOf\":{\"@id\":\"https:\\\/\\\/www.apros.it\\\/fr\\\/#website\"},\"primaryImageOfPage\":{\"@id\":\"https:\\\/\\\/www.apros.it\\\/fr\\\/produits\\\/raccords-pour-paroi-et-toitures-en-bois\\\/unix\\\/#primaryimage\"},\"image\":{\"@id\":\"https:\\\/\\\/www.apros.it\\\/fr\\\/produits\\\/raccords-pour-paroi-et-toitures-en-bois\\\/unix\\\/#primaryimage\"},\"thumbnailUrl\":\"https:\\\/\\\/www.apros.it\\\/wp-content\\\/uploads\\\/2023\\\/07\\\/linea-Unix.jpg\",\"datePublished\":\"2023-07-02T13:17:08+00:00\",\"dateModified\":\"2025-07-17T14:39:01+00:00\",\"breadcrumb\":{\"@id\":\"https:\\\/\\\/www.apros.it\\\/fr\\\/produits\\\/raccords-pour-paroi-et-toitures-en-bois\\\/unix\\\/#breadcrumb\"},\"inLanguage\":\"fr-FR\",\"potentialAction\":[{\"@type\":\"ReadAction\",\"target\":[\"https:\\\/\\\/www.apros.it\\\/fr\\\/produits\\\/raccords-pour-paroi-et-toitures-en-bois\\\/unix\\\/\"]}]},{\"@type\":\"ImageObject\",\"inLanguage\":\"fr-FR\",\"@id\":\"https:\\\/\\\/www.apros.it\\\/fr\\\/produits\\\/raccords-pour-paroi-et-toitures-en-bois\\\/unix\\\/#primaryimage\",\"url\":\"https:\\\/\\\/www.apros.it\\\/wp-content\\\/uploads\\\/2023\\\/07\\\/linea-Unix.jpg\",\"contentUrl\":\"https:\\\/\\\/www.apros.it\\\/wp-content\\\/uploads\\\/2023\\\/07\\\/linea-Unix.jpg\",\"width\":800,\"height\":876},{\"@type\":\"BreadcrumbList\",\"@id\":\"https:\\\/\\\/www.apros.it\\\/fr\\\/produits\\\/raccords-pour-paroi-et-toitures-en-bois\\\/unix\\\/#breadcrumb\",\"itemListElement\":[{\"@type\":\"ListItem\",\"position\":1,\"name\":\"Home\",\"item\":\"https:\\\/\\\/www.apros.it\\\/fr\\\/\"},{\"@type\":\"ListItem\",\"position\":2,\"name\":\"Produits\",\"item\":\"https:\\\/\\\/www.apros.it\\\/prodotti\\\/\"},{\"@type\":\"ListItem\",\"position\":3,\"name\":\"Unix\"}]},{\"@type\":\"WebSite\",\"@id\":\"https:\\\/\\\/www.apros.it\\\/fr\\\/#website\",\"url\":\"https:\\\/\\\/www.apros.it\\\/fr\\\/\",\"name\":\"Apros : conduits de chemin\u00e9e, accessoires de conduits de chemin\u00e9e, tuyaux peints pour po\u00eales \u00e0 bois et \u00e0 granul\u00e9s\",\"description\":\"\",\"potentialAction\":[{\"@type\":\"SearchAction\",\"target\":{\"@type\":\"EntryPoint\",\"urlTemplate\":\"https:\\\/\\\/www.apros.it\\\/fr\\\/?s={search_term_string}\"},\"query-input\":{\"@type\":\"PropertyValueSpecification\",\"valueRequired\":true,\"valueName\":\"search_term_string\"}}],\"inLanguage\":\"fr-FR\"}]}<\/script>\n<!-- \/ Yoast SEO plugin. -->","yoast_head_json":{"title":"Unix - Apros : conduits de chemin\u00e9e, accessoires de conduits de chemin\u00e9e, tuyaux peints pour po\u00eales \u00e0 bois et \u00e0 granul\u00e9s","robots":{"index":"index","follow":"follow","max-snippet":"max-snippet:-1","max-image-preview":"max-image-preview:large","max-video-preview":"max-video-preview:-1"},"canonical":"https:\/\/www.apros.it\/fr\/produits\/raccords-pour-paroi-et-toitures-en-bois\/unix\/","og_locale":"fr_FR","og_type":"article","og_title":"Unix - Apros : conduits de chemin\u00e9e, accessoires de conduits de chemin\u00e9e, tuyaux peints pour po\u00eales \u00e0 bois et \u00e0 granul\u00e9s","og_description":"Raccord universel pour toits en bois compos\u00e9 de paroi interne en acier inoxydable AISI 316L et paroi interm\u00e9diaire et ext\u00e9rieure en acier inoxydable AISI 304 BA. Il a une triple isolation form\u00e9e dans la partie la plus interne par une lame d\u2019air d\u2019environ 5 mm, coupelle en laine de roche de 50 mm, lame d\u2019air suppl\u00e9mentaire d\u2019environ 20 mm. \u00c9quip\u00e9 d\u2019une rosace sup\u00e9rieure orientable avec un tapis de protection en fibre Biotex et d\u2019une rosace inf\u00e9rieure. Unix est certifi\u00e9 G20 = 20 mm de la paroi sensible permet un montage rapide sur des toitures avec une inclinaison de 0\u00b0 \u00e0 30\u00b0 (pour des inclinaisons plus importantes, kit sp\u00e9cifique sur demande). Ses dimensions ext\u00e9rieures sont contenues, permettant ainsi de faire un tout petit trou dans le toit prot\u00e8ge les toits en bois et les isole des hautes temp\u00e9ratures.  La gamme se compose de 28 produits dont chacun est disponible avec un diam\u00e8tre de 80 \u00e0 250 mm. Il y a 4 finitions\u00a0: noir mat, gris, inox, couleur cuivre. \"","og_url":"https:\/\/www.apros.it\/fr\/produits\/raccords-pour-paroi-et-toitures-en-bois\/unix\/","og_site_name":"Apros : conduits de chemin\u00e9e, accessoires de conduits de chemin\u00e9e, tuyaux peints pour po\u00eales \u00e0 bois et \u00e0 granul\u00e9s","article_modified_time":"2025-07-17T14:39:01+00:00","og_image":[{"width":800,"height":876,"url":"https:\/\/www.apros.it\/wp-content\/uploads\/2023\/07\/linea-Unix.jpg","type":"image\/jpeg"}],"twitter_card":"summary_large_image","schema":{"@context":"https:\/\/schema.org","@graph":[{"@type":"WebPage","@id":"https:\/\/www.apros.it\/fr\/produits\/raccords-pour-paroi-et-toitures-en-bois\/unix\/","url":"https:\/\/www.apros.it\/fr\/produits\/raccords-pour-paroi-et-toitures-en-bois\/unix\/","name":"Unix - Apros : conduits de chemin\u00e9e, accessoires de conduits de chemin\u00e9e, tuyaux peints pour po\u00eales \u00e0 bois et \u00e0 granul\u00e9s","isPartOf":{"@id":"https:\/\/www.apros.it\/fr\/#website"},"primaryImageOfPage":{"@id":"https:\/\/www.apros.it\/fr\/produits\/raccords-pour-paroi-et-toitures-en-bois\/unix\/#primaryimage"},"image":{"@id":"https:\/\/www.apros.it\/fr\/produits\/raccords-pour-paroi-et-toitures-en-bois\/unix\/#primaryimage"},"thumbnailUrl":"https:\/\/www.apros.it\/wp-content\/uploads\/2023\/07\/linea-Unix.jpg","datePublished":"2023-07-02T13:17:08+00:00","dateModified":"2025-07-17T14:39:01+00:00","breadcrumb":{"@id":"https:\/\/www.apros.it\/fr\/produits\/raccords-pour-paroi-et-toitures-en-bois\/unix\/#breadcrumb"},"inLanguage":"fr-FR","potentialAction":[{"@type":"ReadAction","target":["https:\/\/www.apros.it\/fr\/produits\/raccords-pour-paroi-et-toitures-en-bois\/unix\/"]}]},{"@type":"ImageObject","inLanguage":"fr-FR","@id":"https:\/\/www.apros.it\/fr\/produits\/raccords-pour-paroi-et-toitures-en-bois\/unix\/#primaryimage","url":"https:\/\/www.apros.it\/wp-content\/uploads\/2023\/07\/linea-Unix.jpg","contentUrl":"https:\/\/www.apros.it\/wp-content\/uploads\/2023\/07\/linea-Unix.jpg","width":800,"height":876},{"@type":"BreadcrumbList","@id":"https:\/\/www.apros.it\/fr\/produits\/raccords-pour-paroi-et-toitures-en-bois\/unix\/#breadcrumb","itemListElement":[{"@type":"ListItem","position":1,"name":"Home","item":"https:\/\/www.apros.it\/fr\/"},{"@type":"ListItem","position":2,"name":"Produits","item":"https:\/\/www.apros.it\/prodotti\/"},{"@type":"ListItem","position":3,"name":"Unix"}]},{"@type":"WebSite","@id":"https:\/\/www.apros.it\/fr\/#website","url":"https:\/\/www.apros.it\/fr\/","name":"Apros : conduits de chemin\u00e9e, accessoires de conduits de chemin\u00e9e, tuyaux peints pour po\u00eales \u00e0 bois et \u00e0 granul\u00e9s","description":"","potentialAction":[{"@type":"SearchAction","target":{"@type":"EntryPoint","urlTemplate":"https:\/\/www.apros.it\/fr\/?s={search_term_string}"},"query-input":{"@type":"PropertyValueSpecification","valueRequired":true,"valueName":"search_term_string"}}],"inLanguage":"fr-FR"}]}},"_links":{"self":[{"href":"https:\/\/www.apros.it\/fr\/wp-json\/wp\/v2\/product\/10153","targetHints":{"allow":["GET"]}}],"collection":[{"href":"https:\/\/www.apros.it\/fr\/wp-json\/wp\/v2\/product"}],"about":[{"href":"https:\/\/www.apros.it\/fr\/wp-json\/wp\/v2\/types\/product"}],"wp:featuredmedia":[{"embeddable":true,"href":"https:\/\/www.apros.it\/fr\/wp-json\/wp\/v2\/media\/10154"}],"wp:attachment":[{"href":"https:\/\/www.apros.it\/fr\/wp-json\/wp\/v2\/media?parent=10153"}],"wp:term":[{"taxonomy":"product_cat","embeddable":true,"href":"https:\/\/www.apros.it\/fr\/wp-json\/wp\/v2\/product_cat?post=10153"},{"taxonomy":"product_tag","embeddable":true,"href":"https:\/\/www.apros.it\/fr\/wp-json\/wp\/v2\/product_tag?post=10153"}],"curies":[{"name":"wp","href":"https:\/\/api.w.org\/{rel}","templated":true}]}}