{"id":10147,"date":"2023-07-02T14:29:45","date_gmt":"2023-07-02T12:29:45","guid":{"rendered":"https:\/\/www.apros.it\/prodotti\/non%20class\u00e9\/ligne-pellet-superior\/"},"modified":"2025-07-17T16:15:06","modified_gmt":"2025-07-17T14:15:06","slug":"linea-x-pellet","status":"publish","type":"product","link":"https:\/\/www.apros.it\/fr\/produits\/pellet-fr\/linea-x-pellet\/","title":{"rendered":"Linea X-PELLET"},"content":{"rendered":"<p><strong>T200-P1-W-V2-L99040-050<\/strong> avec joint en silicone<br \/>\n<strong>T250-P1-W-V2-L99040-050<\/strong> avec joint en Viton<\/p>\n","protected":false},"excerpt":{"rendered":"<p><strong>Tuyaux de raccordement pour usage int\u00e9rieur en acier inoxydable AISI 444 \u00e9paisseur 0,4 mm<\/strong>, peinture silicone liquide antirayures, temp\u00e9rature de travail jusqu\u2019\u00e0 200\u00b0C avec joint en silicone (inclus) ou 250\u00b0C avec joint en Viton (sur demande).<\/p>\n<p><strong>L\u2019ensemble de la gamme se compose de 111 articles, disponibles dans les diam\u00e8tres 80 et 100 mm.<\/strong><\/p>\n<p>Disponible dans la finition noire.<\/p>\n","protected":false},"featured_media":11185,"template":"","meta":{"_acf_changed":false},"product_cat":[149],"product_tag":[],"class_list":["post-10147","product","type-product","status-publish","has-post-thumbnail","hentry","product_cat-pellet-fr"],"acf":[],"yoast_head":"<!-- This site is optimized with the Yoast SEO plugin v27.3 - https:\/\/yoast.com\/product\/yoast-seo-wordpress\/ -->\n<title>Linea X-PELLET - Apros : conduits de chemin\u00e9e, accessoires de conduits de chemin\u00e9e, tuyaux peints pour po\u00eales \u00e0 bois et \u00e0 granul\u00e9s<\/title>\n<meta name=\"robots\" content=\"index, follow, max-snippet:-1, max-image-preview:large, max-video-preview:-1\" \/>\n<link rel=\"canonical\" href=\"https:\/\/www.apros.it\/fr\/produits\/pellet-fr\/linea-x-pellet\/\" \/>\n<meta property=\"og:locale\" content=\"fr_FR\" \/>\n<meta property=\"og:type\" content=\"article\" \/>\n<meta property=\"og:title\" content=\"Linea X-PELLET - Apros : conduits de chemin\u00e9e, accessoires de conduits de chemin\u00e9e, tuyaux peints pour po\u00eales \u00e0 bois et \u00e0 granul\u00e9s\" \/>\n<meta property=\"og:description\" content=\"Tuyaux de raccordement pour usage int\u00e9rieur en acier inoxydable AISI 444 \u00e9paisseur 0,4 mm, peinture silicone liquide antirayures, temp\u00e9rature de travail jusqu\u2019\u00e0 200\u00b0C avec joint en silicone (inclus) ou 250\u00b0C avec joint en Viton (sur demande).  L\u2019ensemble de la gamme se compose de 111 articles, disponibles dans les diam\u00e8tres 80 et 100 mm.  Disponible dans la finition noire.\" \/>\n<meta property=\"og:url\" content=\"https:\/\/www.apros.it\/fr\/produits\/pellet-fr\/linea-x-pellet\/\" \/>\n<meta property=\"og:site_name\" content=\"Apros : conduits de chemin\u00e9e, accessoires de conduits de chemin\u00e9e, tuyaux peints pour po\u00eales \u00e0 bois et \u00e0 granul\u00e9s\" \/>\n<meta property=\"article:modified_time\" content=\"2025-07-17T14:15:06+00:00\" \/>\n<meta property=\"og:image\" content=\"https:\/\/www.apros.it\/wp-content\/uploads\/2023\/07\/Linea-X-PELLET.jpg\" \/>\n\t<meta property=\"og:image:width\" content=\"800\" \/>\n\t<meta property=\"og:image:height\" content=\"876\" \/>\n\t<meta property=\"og:image:type\" content=\"image\/jpeg\" \/>\n<meta name=\"twitter:card\" content=\"summary_large_image\" \/>\n<script type=\"application\/ld+json\" class=\"yoast-schema-graph\">{\"@context\":\"https:\\\/\\\/schema.org\",\"@graph\":[{\"@type\":\"WebPage\",\"@id\":\"https:\\\/\\\/www.apros.it\\\/fr\\\/produits\\\/pellet-fr\\\/linea-x-pellet\\\/\",\"url\":\"https:\\\/\\\/www.apros.it\\\/fr\\\/produits\\\/pellet-fr\\\/linea-x-pellet\\\/\",\"name\":\"Linea X-PELLET - Apros : conduits de chemin\u00e9e, accessoires de conduits de chemin\u00e9e, tuyaux peints pour po\u00eales \u00e0 bois et \u00e0 granul\u00e9s\",\"isPartOf\":{\"@id\":\"https:\\\/\\\/www.apros.it\\\/fr\\\/#website\"},\"primaryImageOfPage\":{\"@id\":\"https:\\\/\\\/www.apros.it\\\/fr\\\/produits\\\/pellet-fr\\\/linea-x-pellet\\\/#primaryimage\"},\"image\":{\"@id\":\"https:\\\/\\\/www.apros.it\\\/fr\\\/produits\\\/pellet-fr\\\/linea-x-pellet\\\/#primaryimage\"},\"thumbnailUrl\":\"https:\\\/\\\/www.apros.it\\\/wp-content\\\/uploads\\\/2023\\\/07\\\/Linea-X-PELLET.jpg\",\"datePublished\":\"2023-07-02T12:29:45+00:00\",\"dateModified\":\"2025-07-17T14:15:06+00:00\",\"breadcrumb\":{\"@id\":\"https:\\\/\\\/www.apros.it\\\/fr\\\/produits\\\/pellet-fr\\\/linea-x-pellet\\\/#breadcrumb\"},\"inLanguage\":\"fr-FR\",\"potentialAction\":[{\"@type\":\"ReadAction\",\"target\":[\"https:\\\/\\\/www.apros.it\\\/fr\\\/produits\\\/pellet-fr\\\/linea-x-pellet\\\/\"]}]},{\"@type\":\"ImageObject\",\"inLanguage\":\"fr-FR\",\"@id\":\"https:\\\/\\\/www.apros.it\\\/fr\\\/produits\\\/pellet-fr\\\/linea-x-pellet\\\/#primaryimage\",\"url\":\"https:\\\/\\\/www.apros.it\\\/wp-content\\\/uploads\\\/2023\\\/07\\\/Linea-X-PELLET.jpg\",\"contentUrl\":\"https:\\\/\\\/www.apros.it\\\/wp-content\\\/uploads\\\/2023\\\/07\\\/Linea-X-PELLET.jpg\",\"width\":800,\"height\":876},{\"@type\":\"BreadcrumbList\",\"@id\":\"https:\\\/\\\/www.apros.it\\\/fr\\\/produits\\\/pellet-fr\\\/linea-x-pellet\\\/#breadcrumb\",\"itemListElement\":[{\"@type\":\"ListItem\",\"position\":1,\"name\":\"Home\",\"item\":\"https:\\\/\\\/www.apros.it\\\/fr\\\/\"},{\"@type\":\"ListItem\",\"position\":2,\"name\":\"Produits\",\"item\":\"https:\\\/\\\/www.apros.it\\\/prodotti\\\/\"},{\"@type\":\"ListItem\",\"position\":3,\"name\":\"Linea X-PELLET\"}]},{\"@type\":\"WebSite\",\"@id\":\"https:\\\/\\\/www.apros.it\\\/fr\\\/#website\",\"url\":\"https:\\\/\\\/www.apros.it\\\/fr\\\/\",\"name\":\"Apros : conduits de chemin\u00e9e, accessoires de conduits de chemin\u00e9e, tuyaux peints pour po\u00eales \u00e0 bois et \u00e0 granul\u00e9s\",\"description\":\"\",\"potentialAction\":[{\"@type\":\"SearchAction\",\"target\":{\"@type\":\"EntryPoint\",\"urlTemplate\":\"https:\\\/\\\/www.apros.it\\\/fr\\\/?s={search_term_string}\"},\"query-input\":{\"@type\":\"PropertyValueSpecification\",\"valueRequired\":true,\"valueName\":\"search_term_string\"}}],\"inLanguage\":\"fr-FR\"}]}<\/script>\n<!-- \/ Yoast SEO plugin. -->","yoast_head_json":{"title":"Linea X-PELLET - Apros : conduits de chemin\u00e9e, accessoires de conduits de chemin\u00e9e, tuyaux peints pour po\u00eales \u00e0 bois et \u00e0 granul\u00e9s","robots":{"index":"index","follow":"follow","max-snippet":"max-snippet:-1","max-image-preview":"max-image-preview:large","max-video-preview":"max-video-preview:-1"},"canonical":"https:\/\/www.apros.it\/fr\/produits\/pellet-fr\/linea-x-pellet\/","og_locale":"fr_FR","og_type":"article","og_title":"Linea X-PELLET - Apros : conduits de chemin\u00e9e, accessoires de conduits de chemin\u00e9e, tuyaux peints pour po\u00eales \u00e0 bois et \u00e0 granul\u00e9s","og_description":"Tuyaux de raccordement pour usage int\u00e9rieur en acier inoxydable AISI 444 \u00e9paisseur 0,4 mm, peinture silicone liquide antirayures, temp\u00e9rature de travail jusqu\u2019\u00e0 200\u00b0C avec joint en silicone (inclus) ou 250\u00b0C avec joint en Viton (sur demande).  L\u2019ensemble de la gamme se compose de 111 articles, disponibles dans les diam\u00e8tres 80 et 100 mm.  Disponible dans la finition noire.","og_url":"https:\/\/www.apros.it\/fr\/produits\/pellet-fr\/linea-x-pellet\/","og_site_name":"Apros : conduits de chemin\u00e9e, accessoires de conduits de chemin\u00e9e, tuyaux peints pour po\u00eales \u00e0 bois et \u00e0 granul\u00e9s","article_modified_time":"2025-07-17T14:15:06+00:00","og_image":[{"width":800,"height":876,"url":"https:\/\/www.apros.it\/wp-content\/uploads\/2023\/07\/Linea-X-PELLET.jpg","type":"image\/jpeg"}],"twitter_card":"summary_large_image","schema":{"@context":"https:\/\/schema.org","@graph":[{"@type":"WebPage","@id":"https:\/\/www.apros.it\/fr\/produits\/pellet-fr\/linea-x-pellet\/","url":"https:\/\/www.apros.it\/fr\/produits\/pellet-fr\/linea-x-pellet\/","name":"Linea X-PELLET - Apros : conduits de chemin\u00e9e, accessoires de conduits de chemin\u00e9e, tuyaux peints pour po\u00eales \u00e0 bois et \u00e0 granul\u00e9s","isPartOf":{"@id":"https:\/\/www.apros.it\/fr\/#website"},"primaryImageOfPage":{"@id":"https:\/\/www.apros.it\/fr\/produits\/pellet-fr\/linea-x-pellet\/#primaryimage"},"image":{"@id":"https:\/\/www.apros.it\/fr\/produits\/pellet-fr\/linea-x-pellet\/#primaryimage"},"thumbnailUrl":"https:\/\/www.apros.it\/wp-content\/uploads\/2023\/07\/Linea-X-PELLET.jpg","datePublished":"2023-07-02T12:29:45+00:00","dateModified":"2025-07-17T14:15:06+00:00","breadcrumb":{"@id":"https:\/\/www.apros.it\/fr\/produits\/pellet-fr\/linea-x-pellet\/#breadcrumb"},"inLanguage":"fr-FR","potentialAction":[{"@type":"ReadAction","target":["https:\/\/www.apros.it\/fr\/produits\/pellet-fr\/linea-x-pellet\/"]}]},{"@type":"ImageObject","inLanguage":"fr-FR","@id":"https:\/\/www.apros.it\/fr\/produits\/pellet-fr\/linea-x-pellet\/#primaryimage","url":"https:\/\/www.apros.it\/wp-content\/uploads\/2023\/07\/Linea-X-PELLET.jpg","contentUrl":"https:\/\/www.apros.it\/wp-content\/uploads\/2023\/07\/Linea-X-PELLET.jpg","width":800,"height":876},{"@type":"BreadcrumbList","@id":"https:\/\/www.apros.it\/fr\/produits\/pellet-fr\/linea-x-pellet\/#breadcrumb","itemListElement":[{"@type":"ListItem","position":1,"name":"Home","item":"https:\/\/www.apros.it\/fr\/"},{"@type":"ListItem","position":2,"name":"Produits","item":"https:\/\/www.apros.it\/prodotti\/"},{"@type":"ListItem","position":3,"name":"Linea X-PELLET"}]},{"@type":"WebSite","@id":"https:\/\/www.apros.it\/fr\/#website","url":"https:\/\/www.apros.it\/fr\/","name":"Apros : conduits de chemin\u00e9e, accessoires de conduits de chemin\u00e9e, tuyaux peints pour po\u00eales \u00e0 bois et \u00e0 granul\u00e9s","description":"","potentialAction":[{"@type":"SearchAction","target":{"@type":"EntryPoint","urlTemplate":"https:\/\/www.apros.it\/fr\/?s={search_term_string}"},"query-input":{"@type":"PropertyValueSpecification","valueRequired":true,"valueName":"search_term_string"}}],"inLanguage":"fr-FR"}]}},"_links":{"self":[{"href":"https:\/\/www.apros.it\/fr\/wp-json\/wp\/v2\/product\/10147","targetHints":{"allow":["GET"]}}],"collection":[{"href":"https:\/\/www.apros.it\/fr\/wp-json\/wp\/v2\/product"}],"about":[{"href":"https:\/\/www.apros.it\/fr\/wp-json\/wp\/v2\/types\/product"}],"wp:featuredmedia":[{"embeddable":true,"href":"https:\/\/www.apros.it\/fr\/wp-json\/wp\/v2\/media\/11185"}],"wp:attachment":[{"href":"https:\/\/www.apros.it\/fr\/wp-json\/wp\/v2\/media?parent=10147"}],"wp:term":[{"taxonomy":"product_cat","embeddable":true,"href":"https:\/\/www.apros.it\/fr\/wp-json\/wp\/v2\/product_cat?post=10147"},{"taxonomy":"product_tag","embeddable":true,"href":"https:\/\/www.apros.it\/fr\/wp-json\/wp\/v2\/product_tag?post=10147"}],"curies":[{"name":"wp","href":"https:\/\/api.w.org\/{rel}","templated":true}]}}