{"id":10142,"date":"2023-07-02T13:55:24","date_gmt":"2023-07-02T11:55:24","guid":{"rendered":"https:\/\/www.apros.it\/prodotti\/non%20class\u00e9\/ligne-bois\/"},"modified":"2025-07-17T16:11:51","modified_gmt":"2025-07-17T14:11:51","slug":"linea-legna","status":"publish","type":"product","link":"https:\/\/www.apros.it\/fr\/produits\/bois\/linea-legna\/","title":{"rendered":"Linea LEGNA"},"content":{"rendered":"<p><strong>T400-N1-D-V2-L05180-G800<\/strong><\/p>\n","protected":false},"excerpt":{"rendered":"<p><strong>Tuyaux de raccordement en acier aluminis\u00e9 avec structure robuste,<\/strong> \u00e9paisseur 2 mm. Il a \u00e9t\u00e9 peint avec du silicone liquide anti-rayures et temp\u00e9rature de travail jusqu\u2019\u00e0 400 \u00b0 C. <strong>La gamme est compos\u00e9e de 480 r\u00e9f\u00e9rences.<\/strong> Diam\u00e8tres disponibles de 120 \u00e0 250 mm en deux couleurs\u00a0: noir mat et gris.\u00a0\u00bb<\/p>\n","protected":false},"featured_media":10143,"template":"","meta":{"_acf_changed":false},"product_cat":[148],"product_tag":[],"class_list":["post-10142","product","type-product","status-publish","has-post-thumbnail","hentry","product_cat-bois"],"acf":[],"yoast_head":"<!-- This site is optimized with the Yoast SEO plugin v27.3 - https:\/\/yoast.com\/product\/yoast-seo-wordpress\/ -->\n<title>Linea LEGNA - Apros : conduits de chemin\u00e9e, accessoires de conduits de chemin\u00e9e, tuyaux peints pour po\u00eales \u00e0 bois et \u00e0 granul\u00e9s<\/title>\n<meta name=\"robots\" content=\"index, follow, max-snippet:-1, max-image-preview:large, max-video-preview:-1\" \/>\n<link rel=\"canonical\" href=\"https:\/\/www.apros.it\/fr\/produits\/bois\/linea-legna\/\" \/>\n<meta property=\"og:locale\" content=\"fr_FR\" \/>\n<meta property=\"og:type\" content=\"article\" \/>\n<meta property=\"og:title\" content=\"Linea LEGNA - Apros : conduits de chemin\u00e9e, accessoires de conduits de chemin\u00e9e, tuyaux peints pour po\u00eales \u00e0 bois et \u00e0 granul\u00e9s\" \/>\n<meta property=\"og:description\" content=\"Tuyaux de raccordement en acier aluminis\u00e9 avec structure robuste, \u00e9paisseur 2 mm. Il a \u00e9t\u00e9 peint avec du silicone liquide anti-rayures et temp\u00e9rature de travail jusqu\u2019\u00e0 400 \u00b0 C. La gamme est compos\u00e9e de 480 r\u00e9f\u00e9rences. Diam\u00e8tres disponibles de 120 \u00e0 250 mm en deux couleurs\u00a0: noir mat et gris.&quot;\" \/>\n<meta property=\"og:url\" content=\"https:\/\/www.apros.it\/fr\/produits\/bois\/linea-legna\/\" \/>\n<meta property=\"og:site_name\" content=\"Apros : conduits de chemin\u00e9e, accessoires de conduits de chemin\u00e9e, tuyaux peints pour po\u00eales \u00e0 bois et \u00e0 granul\u00e9s\" \/>\n<meta property=\"article:modified_time\" content=\"2025-07-17T14:11:51+00:00\" \/>\n<meta property=\"og:image\" content=\"https:\/\/www.apros.it\/wp-content\/uploads\/2023\/07\/linea-Linea-LEGNA.jpg\" \/>\n\t<meta property=\"og:image:width\" content=\"800\" \/>\n\t<meta property=\"og:image:height\" content=\"876\" \/>\n\t<meta property=\"og:image:type\" content=\"image\/jpeg\" \/>\n<meta name=\"twitter:card\" content=\"summary_large_image\" \/>\n<script type=\"application\/ld+json\" class=\"yoast-schema-graph\">{\"@context\":\"https:\\\/\\\/schema.org\",\"@graph\":[{\"@type\":\"WebPage\",\"@id\":\"https:\\\/\\\/www.apros.it\\\/fr\\\/produits\\\/bois\\\/linea-legna\\\/\",\"url\":\"https:\\\/\\\/www.apros.it\\\/fr\\\/produits\\\/bois\\\/linea-legna\\\/\",\"name\":\"Linea LEGNA - Apros : conduits de chemin\u00e9e, accessoires de conduits de chemin\u00e9e, tuyaux peints pour po\u00eales \u00e0 bois et \u00e0 granul\u00e9s\",\"isPartOf\":{\"@id\":\"https:\\\/\\\/www.apros.it\\\/fr\\\/#website\"},\"primaryImageOfPage\":{\"@id\":\"https:\\\/\\\/www.apros.it\\\/fr\\\/produits\\\/bois\\\/linea-legna\\\/#primaryimage\"},\"image\":{\"@id\":\"https:\\\/\\\/www.apros.it\\\/fr\\\/produits\\\/bois\\\/linea-legna\\\/#primaryimage\"},\"thumbnailUrl\":\"https:\\\/\\\/www.apros.it\\\/wp-content\\\/uploads\\\/2023\\\/07\\\/linea-Linea-LEGNA.jpg\",\"datePublished\":\"2023-07-02T11:55:24+00:00\",\"dateModified\":\"2025-07-17T14:11:51+00:00\",\"breadcrumb\":{\"@id\":\"https:\\\/\\\/www.apros.it\\\/fr\\\/produits\\\/bois\\\/linea-legna\\\/#breadcrumb\"},\"inLanguage\":\"fr-FR\",\"potentialAction\":[{\"@type\":\"ReadAction\",\"target\":[\"https:\\\/\\\/www.apros.it\\\/fr\\\/produits\\\/bois\\\/linea-legna\\\/\"]}]},{\"@type\":\"ImageObject\",\"inLanguage\":\"fr-FR\",\"@id\":\"https:\\\/\\\/www.apros.it\\\/fr\\\/produits\\\/bois\\\/linea-legna\\\/#primaryimage\",\"url\":\"https:\\\/\\\/www.apros.it\\\/wp-content\\\/uploads\\\/2023\\\/07\\\/linea-Linea-LEGNA.jpg\",\"contentUrl\":\"https:\\\/\\\/www.apros.it\\\/wp-content\\\/uploads\\\/2023\\\/07\\\/linea-Linea-LEGNA.jpg\",\"width\":800,\"height\":876},{\"@type\":\"BreadcrumbList\",\"@id\":\"https:\\\/\\\/www.apros.it\\\/fr\\\/produits\\\/bois\\\/linea-legna\\\/#breadcrumb\",\"itemListElement\":[{\"@type\":\"ListItem\",\"position\":1,\"name\":\"Home\",\"item\":\"https:\\\/\\\/www.apros.it\\\/fr\\\/\"},{\"@type\":\"ListItem\",\"position\":2,\"name\":\"Produits\",\"item\":\"https:\\\/\\\/www.apros.it\\\/prodotti\\\/\"},{\"@type\":\"ListItem\",\"position\":3,\"name\":\"Linea LEGNA\"}]},{\"@type\":\"WebSite\",\"@id\":\"https:\\\/\\\/www.apros.it\\\/fr\\\/#website\",\"url\":\"https:\\\/\\\/www.apros.it\\\/fr\\\/\",\"name\":\"Apros : conduits de chemin\u00e9e, accessoires de conduits de chemin\u00e9e, tuyaux peints pour po\u00eales \u00e0 bois et \u00e0 granul\u00e9s\",\"description\":\"\",\"potentialAction\":[{\"@type\":\"SearchAction\",\"target\":{\"@type\":\"EntryPoint\",\"urlTemplate\":\"https:\\\/\\\/www.apros.it\\\/fr\\\/?s={search_term_string}\"},\"query-input\":{\"@type\":\"PropertyValueSpecification\",\"valueRequired\":true,\"valueName\":\"search_term_string\"}}],\"inLanguage\":\"fr-FR\"}]}<\/script>\n<!-- \/ Yoast SEO plugin. -->","yoast_head_json":{"title":"Linea LEGNA - Apros : conduits de chemin\u00e9e, accessoires de conduits de chemin\u00e9e, tuyaux peints pour po\u00eales \u00e0 bois et \u00e0 granul\u00e9s","robots":{"index":"index","follow":"follow","max-snippet":"max-snippet:-1","max-image-preview":"max-image-preview:large","max-video-preview":"max-video-preview:-1"},"canonical":"https:\/\/www.apros.it\/fr\/produits\/bois\/linea-legna\/","og_locale":"fr_FR","og_type":"article","og_title":"Linea LEGNA - Apros : conduits de chemin\u00e9e, accessoires de conduits de chemin\u00e9e, tuyaux peints pour po\u00eales \u00e0 bois et \u00e0 granul\u00e9s","og_description":"Tuyaux de raccordement en acier aluminis\u00e9 avec structure robuste, \u00e9paisseur 2 mm. Il a \u00e9t\u00e9 peint avec du silicone liquide anti-rayures et temp\u00e9rature de travail jusqu\u2019\u00e0 400 \u00b0 C. La gamme est compos\u00e9e de 480 r\u00e9f\u00e9rences. Diam\u00e8tres disponibles de 120 \u00e0 250 mm en deux couleurs\u00a0: noir mat et gris.\"","og_url":"https:\/\/www.apros.it\/fr\/produits\/bois\/linea-legna\/","og_site_name":"Apros : conduits de chemin\u00e9e, accessoires de conduits de chemin\u00e9e, tuyaux peints pour po\u00eales \u00e0 bois et \u00e0 granul\u00e9s","article_modified_time":"2025-07-17T14:11:51+00:00","og_image":[{"width":800,"height":876,"url":"https:\/\/www.apros.it\/wp-content\/uploads\/2023\/07\/linea-Linea-LEGNA.jpg","type":"image\/jpeg"}],"twitter_card":"summary_large_image","schema":{"@context":"https:\/\/schema.org","@graph":[{"@type":"WebPage","@id":"https:\/\/www.apros.it\/fr\/produits\/bois\/linea-legna\/","url":"https:\/\/www.apros.it\/fr\/produits\/bois\/linea-legna\/","name":"Linea LEGNA - Apros : conduits de chemin\u00e9e, accessoires de conduits de chemin\u00e9e, tuyaux peints pour po\u00eales \u00e0 bois et \u00e0 granul\u00e9s","isPartOf":{"@id":"https:\/\/www.apros.it\/fr\/#website"},"primaryImageOfPage":{"@id":"https:\/\/www.apros.it\/fr\/produits\/bois\/linea-legna\/#primaryimage"},"image":{"@id":"https:\/\/www.apros.it\/fr\/produits\/bois\/linea-legna\/#primaryimage"},"thumbnailUrl":"https:\/\/www.apros.it\/wp-content\/uploads\/2023\/07\/linea-Linea-LEGNA.jpg","datePublished":"2023-07-02T11:55:24+00:00","dateModified":"2025-07-17T14:11:51+00:00","breadcrumb":{"@id":"https:\/\/www.apros.it\/fr\/produits\/bois\/linea-legna\/#breadcrumb"},"inLanguage":"fr-FR","potentialAction":[{"@type":"ReadAction","target":["https:\/\/www.apros.it\/fr\/produits\/bois\/linea-legna\/"]}]},{"@type":"ImageObject","inLanguage":"fr-FR","@id":"https:\/\/www.apros.it\/fr\/produits\/bois\/linea-legna\/#primaryimage","url":"https:\/\/www.apros.it\/wp-content\/uploads\/2023\/07\/linea-Linea-LEGNA.jpg","contentUrl":"https:\/\/www.apros.it\/wp-content\/uploads\/2023\/07\/linea-Linea-LEGNA.jpg","width":800,"height":876},{"@type":"BreadcrumbList","@id":"https:\/\/www.apros.it\/fr\/produits\/bois\/linea-legna\/#breadcrumb","itemListElement":[{"@type":"ListItem","position":1,"name":"Home","item":"https:\/\/www.apros.it\/fr\/"},{"@type":"ListItem","position":2,"name":"Produits","item":"https:\/\/www.apros.it\/prodotti\/"},{"@type":"ListItem","position":3,"name":"Linea LEGNA"}]},{"@type":"WebSite","@id":"https:\/\/www.apros.it\/fr\/#website","url":"https:\/\/www.apros.it\/fr\/","name":"Apros : conduits de chemin\u00e9e, accessoires de conduits de chemin\u00e9e, tuyaux peints pour po\u00eales \u00e0 bois et \u00e0 granul\u00e9s","description":"","potentialAction":[{"@type":"SearchAction","target":{"@type":"EntryPoint","urlTemplate":"https:\/\/www.apros.it\/fr\/?s={search_term_string}"},"query-input":{"@type":"PropertyValueSpecification","valueRequired":true,"valueName":"search_term_string"}}],"inLanguage":"fr-FR"}]}},"_links":{"self":[{"href":"https:\/\/www.apros.it\/fr\/wp-json\/wp\/v2\/product\/10142","targetHints":{"allow":["GET"]}}],"collection":[{"href":"https:\/\/www.apros.it\/fr\/wp-json\/wp\/v2\/product"}],"about":[{"href":"https:\/\/www.apros.it\/fr\/wp-json\/wp\/v2\/types\/product"}],"wp:featuredmedia":[{"embeddable":true,"href":"https:\/\/www.apros.it\/fr\/wp-json\/wp\/v2\/media\/10143"}],"wp:attachment":[{"href":"https:\/\/www.apros.it\/fr\/wp-json\/wp\/v2\/media?parent=10142"}],"wp:term":[{"taxonomy":"product_cat","embeddable":true,"href":"https:\/\/www.apros.it\/fr\/wp-json\/wp\/v2\/product_cat?post=10142"},{"taxonomy":"product_tag","embeddable":true,"href":"https:\/\/www.apros.it\/fr\/wp-json\/wp\/v2\/product_tag?post=10142"}],"curies":[{"name":"wp","href":"https:\/\/api.w.org\/{rel}","templated":true}]}}