{"id":10139,"date":"2023-07-02T14:01:47","date_gmt":"2023-07-02T12:01:47","guid":{"rendered":"https:\/\/www.apros.it\/prodotti\/non%20class\u00e9\/look-up-bois-superior\/"},"modified":"2025-07-17T16:12:16","modified_gmt":"2025-07-17T14:12:16","slug":"look-up-legna-superior","status":"publish","type":"product","link":"https:\/\/www.apros.it\/fr\/produits\/bois\/look-up-legna-superior\/","title":{"rendered":"LooK UP LEGNA SUPERIOR"},"content":{"rendered":"<p><strong>T600-N1-W-V2-L80120-G800M<\/strong><\/p>\n","protected":false},"excerpt":{"rendered":"<p><strong>Tuyaux de raccordement en acier \u00e9maill\u00e9.<\/strong> C&rsquo;est une combinaison parfaite entre structure l\u00e9g\u00e8re 1.2 mm et finition matte, fini avec de l&rsquo;\u00e9mail en poudre. Temp\u00e9rature de travail jusqu\u2019\u00e0 600\u00b0C. <strong>La gamme est compos\u00e9e de 241 r\u00e9f\u00e9rences<\/strong> de diam\u00e8tre de 120 \u00e0 200 mm uniquement en noir mat.<\/p>\n","protected":false},"featured_media":10140,"template":"","meta":{"_acf_changed":false},"product_cat":[148],"product_tag":[],"class_list":["post-10139","product","type-product","status-publish","has-post-thumbnail","hentry","product_cat-bois"],"acf":[],"yoast_head":"<!-- This site is optimized with the Yoast SEO plugin v27.3 - https:\/\/yoast.com\/product\/yoast-seo-wordpress\/ -->\n<title>LooK UP LEGNA SUPERIOR - Apros : conduits de chemin\u00e9e, accessoires de conduits de chemin\u00e9e, tuyaux peints pour po\u00eales \u00e0 bois et \u00e0 granul\u00e9s<\/title>\n<meta name=\"robots\" content=\"index, follow, max-snippet:-1, max-image-preview:large, max-video-preview:-1\" \/>\n<link rel=\"canonical\" href=\"https:\/\/www.apros.it\/fr\/produits\/bois\/look-up-legna-superior\/\" \/>\n<meta property=\"og:locale\" content=\"fr_FR\" \/>\n<meta property=\"og:type\" content=\"article\" \/>\n<meta property=\"og:title\" content=\"LooK UP LEGNA SUPERIOR - Apros : conduits de chemin\u00e9e, accessoires de conduits de chemin\u00e9e, tuyaux peints pour po\u00eales \u00e0 bois et \u00e0 granul\u00e9s\" \/>\n<meta property=\"og:description\" content=\"Tuyaux de raccordement en acier \u00e9maill\u00e9. C&#039;est une combinaison parfaite entre structure l\u00e9g\u00e8re 1.2 mm et finition matte, fini avec de l&#039;\u00e9mail en poudre. Temp\u00e9rature de travail jusqu\u2019\u00e0 600\u00b0C. La gamme est compos\u00e9e de 241 r\u00e9f\u00e9rences de diam\u00e8tre de 120 \u00e0 200 mm uniquement en noir mat.\" \/>\n<meta property=\"og:url\" content=\"https:\/\/www.apros.it\/fr\/produits\/bois\/look-up-legna-superior\/\" \/>\n<meta property=\"og:site_name\" content=\"Apros : conduits de chemin\u00e9e, accessoires de conduits de chemin\u00e9e, tuyaux peints pour po\u00eales \u00e0 bois et \u00e0 granul\u00e9s\" \/>\n<meta property=\"article:modified_time\" content=\"2025-07-17T14:12:16+00:00\" \/>\n<meta property=\"og:image\" content=\"https:\/\/www.apros.it\/wp-content\/uploads\/2023\/07\/linea-LooK-UP-LEGNA-SUPERIOR.jpg\" \/>\n\t<meta property=\"og:image:width\" content=\"800\" \/>\n\t<meta property=\"og:image:height\" content=\"876\" \/>\n\t<meta property=\"og:image:type\" content=\"image\/jpeg\" \/>\n<meta name=\"twitter:card\" content=\"summary_large_image\" \/>\n<script type=\"application\/ld+json\" class=\"yoast-schema-graph\">{\"@context\":\"https:\\\/\\\/schema.org\",\"@graph\":[{\"@type\":\"WebPage\",\"@id\":\"https:\\\/\\\/www.apros.it\\\/fr\\\/produits\\\/bois\\\/look-up-legna-superior\\\/\",\"url\":\"https:\\\/\\\/www.apros.it\\\/fr\\\/produits\\\/bois\\\/look-up-legna-superior\\\/\",\"name\":\"LooK UP LEGNA SUPERIOR - Apros : conduits de chemin\u00e9e, accessoires de conduits de chemin\u00e9e, tuyaux peints pour po\u00eales \u00e0 bois et \u00e0 granul\u00e9s\",\"isPartOf\":{\"@id\":\"https:\\\/\\\/www.apros.it\\\/fr\\\/#website\"},\"primaryImageOfPage\":{\"@id\":\"https:\\\/\\\/www.apros.it\\\/fr\\\/produits\\\/bois\\\/look-up-legna-superior\\\/#primaryimage\"},\"image\":{\"@id\":\"https:\\\/\\\/www.apros.it\\\/fr\\\/produits\\\/bois\\\/look-up-legna-superior\\\/#primaryimage\"},\"thumbnailUrl\":\"https:\\\/\\\/www.apros.it\\\/wp-content\\\/uploads\\\/2023\\\/07\\\/linea-LooK-UP-LEGNA-SUPERIOR.jpg\",\"datePublished\":\"2023-07-02T12:01:47+00:00\",\"dateModified\":\"2025-07-17T14:12:16+00:00\",\"breadcrumb\":{\"@id\":\"https:\\\/\\\/www.apros.it\\\/fr\\\/produits\\\/bois\\\/look-up-legna-superior\\\/#breadcrumb\"},\"inLanguage\":\"fr-FR\",\"potentialAction\":[{\"@type\":\"ReadAction\",\"target\":[\"https:\\\/\\\/www.apros.it\\\/fr\\\/produits\\\/bois\\\/look-up-legna-superior\\\/\"]}]},{\"@type\":\"ImageObject\",\"inLanguage\":\"fr-FR\",\"@id\":\"https:\\\/\\\/www.apros.it\\\/fr\\\/produits\\\/bois\\\/look-up-legna-superior\\\/#primaryimage\",\"url\":\"https:\\\/\\\/www.apros.it\\\/wp-content\\\/uploads\\\/2023\\\/07\\\/linea-LooK-UP-LEGNA-SUPERIOR.jpg\",\"contentUrl\":\"https:\\\/\\\/www.apros.it\\\/wp-content\\\/uploads\\\/2023\\\/07\\\/linea-LooK-UP-LEGNA-SUPERIOR.jpg\",\"width\":800,\"height\":876},{\"@type\":\"BreadcrumbList\",\"@id\":\"https:\\\/\\\/www.apros.it\\\/fr\\\/produits\\\/bois\\\/look-up-legna-superior\\\/#breadcrumb\",\"itemListElement\":[{\"@type\":\"ListItem\",\"position\":1,\"name\":\"Home\",\"item\":\"https:\\\/\\\/www.apros.it\\\/fr\\\/\"},{\"@type\":\"ListItem\",\"position\":2,\"name\":\"Produits\",\"item\":\"https:\\\/\\\/www.apros.it\\\/prodotti\\\/\"},{\"@type\":\"ListItem\",\"position\":3,\"name\":\"LooK UP LEGNA SUPERIOR\"}]},{\"@type\":\"WebSite\",\"@id\":\"https:\\\/\\\/www.apros.it\\\/fr\\\/#website\",\"url\":\"https:\\\/\\\/www.apros.it\\\/fr\\\/\",\"name\":\"Apros : conduits de chemin\u00e9e, accessoires de conduits de chemin\u00e9e, tuyaux peints pour po\u00eales \u00e0 bois et \u00e0 granul\u00e9s\",\"description\":\"\",\"potentialAction\":[{\"@type\":\"SearchAction\",\"target\":{\"@type\":\"EntryPoint\",\"urlTemplate\":\"https:\\\/\\\/www.apros.it\\\/fr\\\/?s={search_term_string}\"},\"query-input\":{\"@type\":\"PropertyValueSpecification\",\"valueRequired\":true,\"valueName\":\"search_term_string\"}}],\"inLanguage\":\"fr-FR\"}]}<\/script>\n<!-- \/ Yoast SEO plugin. -->","yoast_head_json":{"title":"LooK UP LEGNA SUPERIOR - Apros : conduits de chemin\u00e9e, accessoires de conduits de chemin\u00e9e, tuyaux peints pour po\u00eales \u00e0 bois et \u00e0 granul\u00e9s","robots":{"index":"index","follow":"follow","max-snippet":"max-snippet:-1","max-image-preview":"max-image-preview:large","max-video-preview":"max-video-preview:-1"},"canonical":"https:\/\/www.apros.it\/fr\/produits\/bois\/look-up-legna-superior\/","og_locale":"fr_FR","og_type":"article","og_title":"LooK UP LEGNA SUPERIOR - Apros : conduits de chemin\u00e9e, accessoires de conduits de chemin\u00e9e, tuyaux peints pour po\u00eales \u00e0 bois et \u00e0 granul\u00e9s","og_description":"Tuyaux de raccordement en acier \u00e9maill\u00e9. C'est une combinaison parfaite entre structure l\u00e9g\u00e8re 1.2 mm et finition matte, fini avec de l'\u00e9mail en poudre. Temp\u00e9rature de travail jusqu\u2019\u00e0 600\u00b0C. La gamme est compos\u00e9e de 241 r\u00e9f\u00e9rences de diam\u00e8tre de 120 \u00e0 200 mm uniquement en noir mat.","og_url":"https:\/\/www.apros.it\/fr\/produits\/bois\/look-up-legna-superior\/","og_site_name":"Apros : conduits de chemin\u00e9e, accessoires de conduits de chemin\u00e9e, tuyaux peints pour po\u00eales \u00e0 bois et \u00e0 granul\u00e9s","article_modified_time":"2025-07-17T14:12:16+00:00","og_image":[{"width":800,"height":876,"url":"https:\/\/www.apros.it\/wp-content\/uploads\/2023\/07\/linea-LooK-UP-LEGNA-SUPERIOR.jpg","type":"image\/jpeg"}],"twitter_card":"summary_large_image","schema":{"@context":"https:\/\/schema.org","@graph":[{"@type":"WebPage","@id":"https:\/\/www.apros.it\/fr\/produits\/bois\/look-up-legna-superior\/","url":"https:\/\/www.apros.it\/fr\/produits\/bois\/look-up-legna-superior\/","name":"LooK UP LEGNA SUPERIOR - Apros : conduits de chemin\u00e9e, accessoires de conduits de chemin\u00e9e, tuyaux peints pour po\u00eales \u00e0 bois et \u00e0 granul\u00e9s","isPartOf":{"@id":"https:\/\/www.apros.it\/fr\/#website"},"primaryImageOfPage":{"@id":"https:\/\/www.apros.it\/fr\/produits\/bois\/look-up-legna-superior\/#primaryimage"},"image":{"@id":"https:\/\/www.apros.it\/fr\/produits\/bois\/look-up-legna-superior\/#primaryimage"},"thumbnailUrl":"https:\/\/www.apros.it\/wp-content\/uploads\/2023\/07\/linea-LooK-UP-LEGNA-SUPERIOR.jpg","datePublished":"2023-07-02T12:01:47+00:00","dateModified":"2025-07-17T14:12:16+00:00","breadcrumb":{"@id":"https:\/\/www.apros.it\/fr\/produits\/bois\/look-up-legna-superior\/#breadcrumb"},"inLanguage":"fr-FR","potentialAction":[{"@type":"ReadAction","target":["https:\/\/www.apros.it\/fr\/produits\/bois\/look-up-legna-superior\/"]}]},{"@type":"ImageObject","inLanguage":"fr-FR","@id":"https:\/\/www.apros.it\/fr\/produits\/bois\/look-up-legna-superior\/#primaryimage","url":"https:\/\/www.apros.it\/wp-content\/uploads\/2023\/07\/linea-LooK-UP-LEGNA-SUPERIOR.jpg","contentUrl":"https:\/\/www.apros.it\/wp-content\/uploads\/2023\/07\/linea-LooK-UP-LEGNA-SUPERIOR.jpg","width":800,"height":876},{"@type":"BreadcrumbList","@id":"https:\/\/www.apros.it\/fr\/produits\/bois\/look-up-legna-superior\/#breadcrumb","itemListElement":[{"@type":"ListItem","position":1,"name":"Home","item":"https:\/\/www.apros.it\/fr\/"},{"@type":"ListItem","position":2,"name":"Produits","item":"https:\/\/www.apros.it\/prodotti\/"},{"@type":"ListItem","position":3,"name":"LooK UP LEGNA SUPERIOR"}]},{"@type":"WebSite","@id":"https:\/\/www.apros.it\/fr\/#website","url":"https:\/\/www.apros.it\/fr\/","name":"Apros : conduits de chemin\u00e9e, accessoires de conduits de chemin\u00e9e, tuyaux peints pour po\u00eales \u00e0 bois et \u00e0 granul\u00e9s","description":"","potentialAction":[{"@type":"SearchAction","target":{"@type":"EntryPoint","urlTemplate":"https:\/\/www.apros.it\/fr\/?s={search_term_string}"},"query-input":{"@type":"PropertyValueSpecification","valueRequired":true,"valueName":"search_term_string"}}],"inLanguage":"fr-FR"}]}},"_links":{"self":[{"href":"https:\/\/www.apros.it\/fr\/wp-json\/wp\/v2\/product\/10139","targetHints":{"allow":["GET"]}}],"collection":[{"href":"https:\/\/www.apros.it\/fr\/wp-json\/wp\/v2\/product"}],"about":[{"href":"https:\/\/www.apros.it\/fr\/wp-json\/wp\/v2\/types\/product"}],"wp:featuredmedia":[{"embeddable":true,"href":"https:\/\/www.apros.it\/fr\/wp-json\/wp\/v2\/media\/10140"}],"wp:attachment":[{"href":"https:\/\/www.apros.it\/fr\/wp-json\/wp\/v2\/media?parent=10139"}],"wp:term":[{"taxonomy":"product_cat","embeddable":true,"href":"https:\/\/www.apros.it\/fr\/wp-json\/wp\/v2\/product_cat?post=10139"},{"taxonomy":"product_tag","embeddable":true,"href":"https:\/\/www.apros.it\/fr\/wp-json\/wp\/v2\/product_tag?post=10139"}],"curies":[{"name":"wp","href":"https:\/\/api.w.org\/{rel}","templated":true}]}}