{"id":9953,"date":"2023-05-22T23:51:57","date_gmt":"2023-05-22T21:51:57","guid":{"rendered":"https:\/\/www.apros.it\/privacy-policy-gdpr\/"},"modified":"2023-09-20T19:48:40","modified_gmt":"2023-09-20T17:48:40","slug":"privacy-policy-gdpr","status":"publish","type":"page","link":"https:\/\/www.apros.it\/en\/privacy-policy-gdpr\/","title":{"rendered":"Privacy Policy GDPR"},"content":{"rendered":"\n<h2 class=\"wp-block-heading\">Privacy Policy GDPR<br\/><\/h2>\n\n<p><strong>TITOLARE DEL TRATTAMENTO<\/strong><\/p>\n\n<p>Apros S.r.l., in persona del suo legale rappresentante p.t., P.Iva 03232990287, sede legale a Arsego di S. Giorgio delle Pertiche (PD) Via Lago del Centro Cadore n. 3, in qualit\u00e0 di titolare del trattamento (in seguito \u201cTitolare\u201d),<\/p>\n\n<p><strong>TI INFORMA<\/strong><\/p>\n\n<p>ai sensi del regolamento (UE) 20016\/679 relativo alla protezione delle persone fisiche con riguardo al trattamento dei dati personali (in seguito \u201cGDPR\u201d) che i Tuoi dati saranno trattati nel rispetto della predetta normativa e con le modalit\u00e0 e per le finalit\u00e0 di seguito specificate:<\/p>\n\n<p><strong>1 &#8211; OGGETTO DEL TRATTAMENTO E NATURA DEI DATI<\/strong><\/p>\n\n<p>Il Titolare, nell\u2019ambito della sua attivit\u00e0, tratta i Tuoi dati personali (in particolare, nome, cognome, codice fiscale, p. iva, email, numero telefonico, dati di residenza \u2013 in seguito, \u201cdati personali\u201d o anche \u201cdati\u201d) raccolti in occasione della conclusione di rapporti commerciali e\/o di richieste di informazioni commerciali e vendite on-line.<\/p>\n\n<p><strong>2 \u2013 FINALIT\u00c0 DEL TRATTAMENTO<\/strong><\/p>\n\n<p>I Tuoi dati personali sono trattati, per le seguenti finalit\u00e0 distinte per base giuridica di riferimento:<\/p>\n\n<p><strong>2.<\/strong> <strong>Esecuzione del contratto &#8211; adempimento obbligo di legge (art.6 lett. b, lett. c).<\/strong><\/p>\n\n<p>I Tuoi dati personali sono trattati, per la finalit\u00e0 di risposta alle richieste relative alla sezione contatti o per l\u2019invio della documentazione richiesta tramite gli appositi form. del sito web;<\/p>\n\n<p><strong>2.1<\/strong> <strong>Esecuzione del contratto &#8211; adempimento obbligo di legge (art.6 lett. b, lett. c).<\/strong><\/p>\n\n<p>I Tuoi dati personali sono trattati, per la finalit\u00e0 di gestione degli ordini inviate tramite il nostro e-commerce, adempiere agli obblighi precontrattuali, contrattuali e amministrativo-contabili, adempiere agli obblighi previsti dalla legge, da un regolamento, dalla normativa comunitaria o da un ordine dell\u2019Autorit\u00e0.<\/p>\n\n<p><strong>2.3<\/strong> <strong>Sulla base del Tuo consenso (art.6 <\/strong><strong>lett. a).<\/strong><\/p>\n\n<p>I Tuoi dati personali sono trattati, per la finalit\u00e0 per l&#8217;invio tramite sms e\/o e-mail di comunicazioni informative e promozionali, nonch\u00e9 newsletter da parte del Titolare in relazione alle iniziative proprie e\/o di societ\u00e0 controllate e\/o collegate o Partner con cui il Titolare organizza specifiche attivit\u00e0 (finalit\u00e0 di Marketing);<\/p>\n\n<p><strong>3 &#8211; DESTINATARI O CATEGORIE DI DESTINATARI DEI DATI<\/strong><\/p>\n\n<p>I dati di natura personale forniti potranno essere comunicati a destinatari terzi, al fine di ottemperare a contratti o finalit\u00e0\u0300 connesse.<\/p>\n\n<p>I soggetti appartenenti alle categorie suddette svolgono la funzione di Responsabile del trattamento dei dati, oppure operano in totale autonomia come distinti Titolari del trattamento. L\u2019elenco di eventuali responsabili e\u0300 costantemente aggiornato e disponibile presso la sede del Titolare.<\/p>\n\n<p><strong>4 \u2013 MODALIT\u00c0 DEL TRATTAMENTO<\/strong><\/p>\n\n<p>Il trattamento sar\u00e0 effettuato sia con strumenti manuali e\/o informatici e telematici nonch\u00e9 con logiche di organizzazione ed elaborazione strettamente correlate alle predette finalit\u00e0 e comunque in modo da garantire la sicurezza, l&#8217;integrit\u00e0, la disponibilit\u00e0 e la riservatezza dei dati personali.<\/p>\n\n<p>Nel rispetto di quanto previsto dall\u2019art. 5 comma 1 lett. e) del Reg. UE 2016\/679, i dati personali raccolti verranno conservati in una forma che consenta l\u2019identificazione degli interessati per un arco di tempo non superiore al conseguimento delle finalit\u00e0 per le quali i dati personali sono trattati.<\/p>\n\n<p><strong>5 \u2013 CONFERIMENTO DEI DATI<\/strong><\/p>\n\n<p>Si informa che, tenuto conto delle finalit\u00e0 del trattamento specificato al punto 2.2, il\u00a0conferimento dei dati non \u00e8 obbligatorio\u00a0<\/p>\n\n<p><strong>6 \u2013 <\/strong><strong>TRASFERIMENTO DATI VERSO UN PAESE TERZO E\/O UN\u2019ORGANIZZAZIONE INTERNAZIONALE<\/strong><\/p>\n\n<p>I dati di natura personale forniti non sono trasferiti all\u2019esterno dell\u2019Unione Europea.<\/p>\n\n<p><strong>7 \u2013 DURATA DEL TRATTAMENTO<\/strong><\/p>\n\n<p>I dati personali vengono conservati per tutta la durata del rapporto contrattuale e , nel caso di revoca e\/o altro tipo di cessazione del predetto rapporto, nei termini stabiliti dalla legge per l\u2019adempimento ad esempio degli obblighi fiscali.<\/p>\n\n<p>Per le finalit\u00e0 di marketing i dati saranno conservati fin quando il consenso non verr\u00e0 revocato o per il periodo stabilito dalla normativa o da Provvedimenti emessi dell\u2019Autorit\u00e0 di controllo.\u00a0 \u00a0<\/p>\n\n<p><strong>8 &#8211; DIRITTI DELL\u2019INTERESSATO<\/strong><\/p>\n\n<p>Lei potr\u00e0, in qualsiasi momento, esercitare i diritti cos\u00ec come espressi dagli artt. 15, 16, 17, 18, 19, 20, 21, 22 del Regolamento UE 2016\/679, ed in particolare:<\/p>\n\n<p>\u25a1 di accesso ai dati personali;\u00a0<\/p>\n\n<p>\u25a1 di ottenere la rettifica o la cancellazione degli stessi o la limitazione del trattamento che lo riguardano;<\/p>\n\n<p>\u25a1 di opporsi al trattamento; alla portabilit\u00e0 dei dati;<\/p>\n\n<p>\u25a1 di revocare il consenso: la revoca del consenso non pregiudica la liceit\u00e0 del trattamento basata sul consenso conferito prima della revoca;<\/p>\n\n<p>\u25a1 di proporre reclamo all&#8217;Autorit\u00e0 di Controllo (Garante Privacy)<\/p>\n\n<p>L\u2019esercizio dei Tuoi diritti potr\u00e0 avvenire attraverso l\u2019invio al Titolare del trattamento di una <strong>richiesta ai seguenti contatti<\/strong>:<\/p>\n\n<ul class=\"wp-block-list\">\n<li>Indirizzo: Via Lago del Centro Cadore, 3 \u2013 35010 Arsego di S. Giorgio delle Pertiche (PD<\/li>\n\n\n\n<li>email: info@apros.it<\/li>\n\n\n\n<li>telefono: 049.9330063<\/li>\n<\/ul>\n","protected":false},"excerpt":{"rendered":"<p>Privacy Policy GDPR TITOLARE DEL TRATTAMENTO Apros S.r.l., in persona del suo legale rappresentante p.t., P.Iva 03232990287, sede legale a Arsego di S. Giorgio delle Pertiche (PD) Via Lago del Centro Cadore n. 3, in qualit\u00e0 di titolare del trattamento (in seguito \u201cTitolare\u201d), TI INFORMA ai sensi del regolamento (UE) 20016\/679 relativo alla protezione delle [&hellip;]<\/p>\n","protected":false},"author":3,"featured_media":0,"parent":0,"menu_order":0,"comment_status":"closed","ping_status":"closed","template":"","meta":{"_acf_changed":false,"footnotes":""},"class_list":["post-9953","page","type-page","status-publish","hentry"],"acf":[],"yoast_head":"<!-- This site is optimized with the Yoast SEO plugin v27.3 - https:\/\/yoast.com\/product\/yoast-seo-wordpress\/ -->\n<title>Privacy Policy GDPR - Apros: flues, flue accessories, painted pipes for wood and pellet stoves<\/title>\n<meta name=\"robots\" content=\"index, follow, max-snippet:-1, max-image-preview:large, max-video-preview:-1\" \/>\n<link rel=\"canonical\" href=\"https:\/\/www.apros.it\/en\/privacy-policy-gdpr\/\" \/>\n<meta property=\"og:locale\" content=\"en_US\" \/>\n<meta property=\"og:type\" content=\"article\" \/>\n<meta property=\"og:title\" content=\"Privacy Policy GDPR - Apros: flues, flue accessories, painted pipes for wood and pellet stoves\" \/>\n<meta property=\"og:description\" content=\"Privacy Policy GDPR TITOLARE DEL TRATTAMENTO Apros S.r.l., in persona del suo legale rappresentante p.t., P.Iva 03232990287, sede legale a Arsego di S. Giorgio delle Pertiche (PD) Via Lago del Centro Cadore n. 3, in qualit\u00e0 di titolare del trattamento (in seguito \u201cTitolare\u201d), TI INFORMA ai sensi del regolamento (UE) 20016\/679 relativo alla protezione delle [&hellip;]\" \/>\n<meta property=\"og:url\" content=\"https:\/\/www.apros.it\/en\/privacy-policy-gdpr\/\" \/>\n<meta property=\"og:site_name\" content=\"Apros: flues, flue accessories, painted pipes for wood and pellet stoves\" \/>\n<meta property=\"article:modified_time\" content=\"2023-09-20T17:48:40+00:00\" \/>\n<meta name=\"twitter:card\" content=\"summary_large_image\" \/>\n<meta name=\"twitter:label1\" content=\"Est. reading time\" \/>\n\t<meta name=\"twitter:data1\" content=\"4 minutes\" \/>\n<script type=\"application\/ld+json\" class=\"yoast-schema-graph\">{\"@context\":\"https:\\\/\\\/schema.org\",\"@graph\":[{\"@type\":\"WebPage\",\"@id\":\"https:\\\/\\\/www.apros.it\\\/en\\\/privacy-policy-gdpr\\\/\",\"url\":\"https:\\\/\\\/www.apros.it\\\/en\\\/privacy-policy-gdpr\\\/\",\"name\":\"Privacy Policy GDPR - Apros: flues, flue accessories, painted pipes for wood and pellet stoves\",\"isPartOf\":{\"@id\":\"https:\\\/\\\/www.apros.it\\\/en\\\/#website\"},\"datePublished\":\"2023-05-22T21:51:57+00:00\",\"dateModified\":\"2023-09-20T17:48:40+00:00\",\"breadcrumb\":{\"@id\":\"https:\\\/\\\/www.apros.it\\\/en\\\/privacy-policy-gdpr\\\/#breadcrumb\"},\"inLanguage\":\"en-US\",\"potentialAction\":[{\"@type\":\"ReadAction\",\"target\":[\"https:\\\/\\\/www.apros.it\\\/en\\\/privacy-policy-gdpr\\\/\"]}]},{\"@type\":\"BreadcrumbList\",\"@id\":\"https:\\\/\\\/www.apros.it\\\/en\\\/privacy-policy-gdpr\\\/#breadcrumb\",\"itemListElement\":[{\"@type\":\"ListItem\",\"position\":1,\"name\":\"Home\",\"item\":\"https:\\\/\\\/www.apros.it\\\/en\\\/\"},{\"@type\":\"ListItem\",\"position\":2,\"name\":\"Privacy Policy GDPR\"}]},{\"@type\":\"WebSite\",\"@id\":\"https:\\\/\\\/www.apros.it\\\/en\\\/#website\",\"url\":\"https:\\\/\\\/www.apros.it\\\/en\\\/\",\"name\":\"Apros: flues, flue accessories, painted pipes for wood and pellet stoves\",\"description\":\"\",\"potentialAction\":[{\"@type\":\"SearchAction\",\"target\":{\"@type\":\"EntryPoint\",\"urlTemplate\":\"https:\\\/\\\/www.apros.it\\\/en\\\/?s={search_term_string}\"},\"query-input\":{\"@type\":\"PropertyValueSpecification\",\"valueRequired\":true,\"valueName\":\"search_term_string\"}}],\"inLanguage\":\"en-US\"}]}<\/script>\n<!-- \/ Yoast SEO plugin. -->","yoast_head_json":{"title":"Privacy Policy GDPR - Apros: flues, flue accessories, painted pipes for wood and pellet stoves","robots":{"index":"index","follow":"follow","max-snippet":"max-snippet:-1","max-image-preview":"max-image-preview:large","max-video-preview":"max-video-preview:-1"},"canonical":"https:\/\/www.apros.it\/en\/privacy-policy-gdpr\/","og_locale":"en_US","og_type":"article","og_title":"Privacy Policy GDPR - Apros: flues, flue accessories, painted pipes for wood and pellet stoves","og_description":"Privacy Policy GDPR TITOLARE DEL TRATTAMENTO Apros S.r.l., in persona del suo legale rappresentante p.t., P.Iva 03232990287, sede legale a Arsego di S. Giorgio delle Pertiche (PD) Via Lago del Centro Cadore n. 3, in qualit\u00e0 di titolare del trattamento (in seguito \u201cTitolare\u201d), TI INFORMA ai sensi del regolamento (UE) 20016\/679 relativo alla protezione delle [&hellip;]","og_url":"https:\/\/www.apros.it\/en\/privacy-policy-gdpr\/","og_site_name":"Apros: flues, flue accessories, painted pipes for wood and pellet stoves","article_modified_time":"2023-09-20T17:48:40+00:00","twitter_card":"summary_large_image","twitter_misc":{"Est. reading time":"4 minutes"},"schema":{"@context":"https:\/\/schema.org","@graph":[{"@type":"WebPage","@id":"https:\/\/www.apros.it\/en\/privacy-policy-gdpr\/","url":"https:\/\/www.apros.it\/en\/privacy-policy-gdpr\/","name":"Privacy Policy GDPR - Apros: flues, flue accessories, painted pipes for wood and pellet stoves","isPartOf":{"@id":"https:\/\/www.apros.it\/en\/#website"},"datePublished":"2023-05-22T21:51:57+00:00","dateModified":"2023-09-20T17:48:40+00:00","breadcrumb":{"@id":"https:\/\/www.apros.it\/en\/privacy-policy-gdpr\/#breadcrumb"},"inLanguage":"en-US","potentialAction":[{"@type":"ReadAction","target":["https:\/\/www.apros.it\/en\/privacy-policy-gdpr\/"]}]},{"@type":"BreadcrumbList","@id":"https:\/\/www.apros.it\/en\/privacy-policy-gdpr\/#breadcrumb","itemListElement":[{"@type":"ListItem","position":1,"name":"Home","item":"https:\/\/www.apros.it\/en\/"},{"@type":"ListItem","position":2,"name":"Privacy Policy GDPR"}]},{"@type":"WebSite","@id":"https:\/\/www.apros.it\/en\/#website","url":"https:\/\/www.apros.it\/en\/","name":"Apros: flues, flue accessories, painted pipes for wood and pellet stoves","description":"","potentialAction":[{"@type":"SearchAction","target":{"@type":"EntryPoint","urlTemplate":"https:\/\/www.apros.it\/en\/?s={search_term_string}"},"query-input":{"@type":"PropertyValueSpecification","valueRequired":true,"valueName":"search_term_string"}}],"inLanguage":"en-US"}]}},"_links":{"self":[{"href":"https:\/\/www.apros.it\/en\/wp-json\/wp\/v2\/pages\/9953","targetHints":{"allow":["GET"]}}],"collection":[{"href":"https:\/\/www.apros.it\/en\/wp-json\/wp\/v2\/pages"}],"about":[{"href":"https:\/\/www.apros.it\/en\/wp-json\/wp\/v2\/types\/page"}],"author":[{"embeddable":true,"href":"https:\/\/www.apros.it\/en\/wp-json\/wp\/v2\/users\/3"}],"replies":[{"embeddable":true,"href":"https:\/\/www.apros.it\/en\/wp-json\/wp\/v2\/comments?post=9953"}],"version-history":[{"count":1,"href":"https:\/\/www.apros.it\/en\/wp-json\/wp\/v2\/pages\/9953\/revisions"}],"predecessor-version":[{"id":9954,"href":"https:\/\/www.apros.it\/en\/wp-json\/wp\/v2\/pages\/9953\/revisions\/9954"}],"wp:attachment":[{"href":"https:\/\/www.apros.it\/en\/wp-json\/wp\/v2\/media?parent=9953"}],"curies":[{"name":"wp","href":"https:\/\/api.w.org\/{rel}","templated":true}]}}